{"id":1226,"date":"2021-07-01T19:12:01","date_gmt":"2021-07-01T17:12:01","guid":{"rendered":"https:\/\/rahrbach.de\/unternehmen\/"},"modified":"2022-04-04T15:39:57","modified_gmt":"2022-04-04T13:39:57","slug":"company","status":"publish","type":"page","link":"https:\/\/rahrbach.de\/en\/company\/","title":{"rendered":"Company"},"content":{"rendered":"<div class=\"hero-block\">\n      <figure>\n      <img loading=\"lazy\" decoding=\"async\" width=\"1024\" height=\"744\" src=\"https:\/\/rahrbach.de\/app\/uploads\/2021\/08\/unternehmen_02-1024x744.jpg\" class=\"background\" alt=\"\" data-src=\"https:\/\/rahrbach.de\/app\/uploads\/2021\/08\/unternehmen_02.jpg\" srcset=\"https:\/\/rahrbach.de\/app\/uploads\/2021\/08\/unternehmen_02-1024x744.jpg 1024w, https:\/\/rahrbach.de\/app\/uploads\/2021\/08\/unternehmen_02-300x218.jpg 300w, https:\/\/rahrbach.de\/app\/uploads\/2021\/08\/unternehmen_02-768x558.jpg 768w, https:\/\/rahrbach.de\/app\/uploads\/2021\/08\/unternehmen_02-1536x1116.jpg 1536w, https:\/\/rahrbach.de\/app\/uploads\/2021\/08\/unternehmen_02.jpg 2048w\" sizes=\"(max-width: 1024px) 100vw, 1024px\" \/>\n    <\/figure>\n  \n  \n  \n  <div class=\"content-container\">\n        <h4 style=\"color: #ffffff;\">About Rahrbach<\/h4>\n        <h1 style=\"color: #ffffff;\">We get into locking things up.<\/h1>\n        <h5 style=\"color: #ffffff;\"> <\/h5>\n  <\/div>\n<\/div>\n\n\n\n<div style=\"height:100px\" aria-hidden=\"true\" class=\"wp-block-spacer\"><\/div>\n\n\n<div class=\"medium-content-block\">\n      <img loading=\"lazy\" decoding=\"async\" width=\"1024\" height=\"681\" src=\"https:\/\/rahrbach.de\/app\/uploads\/2021\/08\/Rahrbach-Firmensitz-1024x681.jpg\" class=\"image\" alt=\"\" data-src=\"https:\/\/rahrbach.de\/app\/uploads\/2021\/08\/Rahrbach-Firmensitz.jpg\" srcset=\"https:\/\/rahrbach.de\/app\/uploads\/2021\/08\/Rahrbach-Firmensitz-1024x681.jpg 1024w, https:\/\/rahrbach.de\/app\/uploads\/2021\/08\/Rahrbach-Firmensitz-300x200.jpg 300w, https:\/\/rahrbach.de\/app\/uploads\/2021\/08\/Rahrbach-Firmensitz-768x511.jpg 768w, https:\/\/rahrbach.de\/app\/uploads\/2021\/08\/Rahrbach-Firmensitz.jpg 1389w\" sizes=\"(max-width: 1024px) 100vw, 1024px\" \/>\n    <div class=\"content-container\">\n    <h2>A strong partner<\/h2>\n    <p>We get caught up in locking things up. And has been for almost a century. From 1925 onwards, we have developed into an international manufacturer of locking systems.<\/p>\n<p>Our focus is on the development and production of mechanical and electromagnetic locking solutions for heating devices, cold rooms or refrigerated cabinets. Another focus is on innovative, stimulating system solutions in the medical and environmental periphery. Sound complicated? It is.<\/p>\n<p>But thanks to decades of experience, not only does every move fit, it also works. It is precisely this work ethic that makes us the loyal and reliable partner that numerous customers trust.<\/p>\n\n  <\/div>\n<\/div>\n\n\n<div class=\"medium-content-block\">\n      <img loading=\"lazy\" decoding=\"async\" width=\"1024\" height=\"744\" src=\"https:\/\/rahrbach.de\/app\/uploads\/2021\/08\/unternehmen_03-1024x744.jpg\" class=\"image\" alt=\"\" data-src=\"https:\/\/rahrbach.de\/app\/uploads\/2021\/08\/unternehmen_03.jpg\" srcset=\"https:\/\/rahrbach.de\/app\/uploads\/2021\/08\/unternehmen_03-1024x744.jpg 1024w, https:\/\/rahrbach.de\/app\/uploads\/2021\/08\/unternehmen_03-300x218.jpg 300w, https:\/\/rahrbach.de\/app\/uploads\/2021\/08\/unternehmen_03-768x558.jpg 768w, https:\/\/rahrbach.de\/app\/uploads\/2021\/08\/unternehmen_03-1536x1116.jpg 1536w, https:\/\/rahrbach.de\/app\/uploads\/2021\/08\/unternehmen_03.jpg 2048w\" sizes=\"(max-width: 1024px) 100vw, 1024px\" \/>\n    <div class=\"content-container\">\n    <h2>Highest standard<\/h2>\n    <p>Because optimization is a process, our work doesn&#8217;t stop when our products are delivered. Rahrbach accompanies you with its long-term service philosophy and a partnership-based cooperation &#8211; from the first contact to the crowning closure.<\/p>\n<p>We are absolutely convinced that with our high technical standards and the outstanding expertise of our employees, we will continue to present more and more pioneering closure solutions in the future, which will continuously increase the benefit for our customers.<\/p>\n\n  <\/div>\n<\/div>\n\n\n\n<div style=\"height:50px\" aria-hidden=\"true\" class=\"wp-block-spacer\"><\/div>\n\n\n\n<div class=\"wp-block-group alignfull widgets-group\"><div class=\"wp-block-group__inner-container is-layout-flow wp-block-group-is-layout-flow\"><div class=\"large-link-card-block\">\n  <div class=\"shadow-card-md\">\n    <a  href=https:\/\/rahrbach.de\/en\/development-2\/ >\n              <img loading=\"lazy\" decoding=\"async\" width=\"1024\" height=\"744\" src=\"https:\/\/rahrbach.de\/app\/uploads\/2021\/08\/entwicklung_01-1024x744.jpg\" class=\"image\" alt=\"\" data-src=\"https:\/\/rahrbach.de\/app\/uploads\/2021\/08\/entwicklung_01.jpg\" srcset=\"https:\/\/rahrbach.de\/app\/uploads\/2021\/08\/entwicklung_01-1024x744.jpg 1024w, https:\/\/rahrbach.de\/app\/uploads\/2021\/08\/entwicklung_01-300x218.jpg 300w, https:\/\/rahrbach.de\/app\/uploads\/2021\/08\/entwicklung_01-768x558.jpg 768w, https:\/\/rahrbach.de\/app\/uploads\/2021\/08\/entwicklung_01-1536x1116.jpg 1536w, https:\/\/rahrbach.de\/app\/uploads\/2021\/08\/entwicklung_01.jpg 2048w\" sizes=\"(max-width: 1024px) 100vw, 1024px\" \/>\n            <div class=\"content-container\">\n        <h2>Standards are there to be exceeded<\/h2>\n                <div class=\"link-container\">\n          <h4>\n          Technology and Development\n          <\/h4>\n          <div class=\"accessory-icon-small\" ><\/div>\n        <\/div>\n              <\/div>\n    <\/a>\n  <\/div>\n<\/div>\n\n\n<div class=\"large-link-card-block\">\n  <div class=\"shadow-card-md\">\n    <a  href=https:\/\/rahrbach.de\/en\/contact\/ >\n              <img loading=\"lazy\" decoding=\"async\" width=\"1024\" height=\"744\" src=\"https:\/\/rahrbach.de\/app\/uploads\/2021\/08\/entwicklung_02-1024x744.jpg\" class=\"image\" alt=\"\" data-src=\"https:\/\/rahrbach.de\/app\/uploads\/2021\/08\/entwicklung_02.jpg\" srcset=\"https:\/\/rahrbach.de\/app\/uploads\/2021\/08\/entwicklung_02-1024x744.jpg 1024w, https:\/\/rahrbach.de\/app\/uploads\/2021\/08\/entwicklung_02-300x218.jpg 300w, https:\/\/rahrbach.de\/app\/uploads\/2021\/08\/entwicklung_02-768x558.jpg 768w, https:\/\/rahrbach.de\/app\/uploads\/2021\/08\/entwicklung_02-1536x1116.jpg 1536w, https:\/\/rahrbach.de\/app\/uploads\/2021\/08\/entwicklung_02.jpg 2048w\" sizes=\"(max-width: 1024px) 100vw, 1024px\" \/>\n            <div class=\"content-container\">\n        <h2>Contact<\/h2>\n                <div class=\"link-container\">\n          <h4>\n          Contact\n          <\/h4>\n          <div class=\"accessory-icon-small\" ><\/div>\n        <\/div>\n              <\/div>\n    <\/a>\n  <\/div>\n<\/div>\n<\/div><\/div>\n","protected":false},"excerpt":{"rendered":"<p>Our focus is on the development and production of mechanical and electromagnetic locking solutions for heating devices, cold rooms or refrigerated cabinets.<\/p>\n","protected":false},"author":1,"featured_media":0,"parent":0,"menu_order":0,"comment_status":"closed","ping_status":"closed","template":"template-company.blade.php","meta":{"footnotes":""},"yoast_head":"<!-- This site is optimized with the Yoast SEO plugin v23.3 - https:\/\/yoast.com\/wordpress\/plugins\/seo\/ -->\n<title>Company - Rahrbach GmbH<\/title>\n<meta name=\"description\" content=\"Our focus is on the development and production of mechanical and electromagnetic locking solutions for heating devices, cold rooms or refrigerated cabinets.\" \/>\n<meta name=\"robots\" content=\"index, follow, max-snippet:-1, max-image-preview:large, max-video-preview:-1\" \/>\n<link rel=\"canonical\" href=\"https:\/\/rahrbach.de\/en\/company\/\" \/>\n<meta property=\"og:locale\" content=\"en_US\" \/>\n<meta property=\"og:type\" content=\"article\" \/>\n<meta property=\"og:title\" content=\"Company - Rahrbach GmbH\" \/>\n<meta property=\"og:description\" content=\"Our focus is on the development and production of mechanical and electromagnetic locking solutions for heating devices, cold rooms or refrigerated cabinets.\" \/>\n<meta property=\"og:url\" content=\"https:\/\/rahrbach.de\/en\/company\/\" \/>\n<meta property=\"og:site_name\" content=\"Rahrbach GmbH\" \/>\n<meta property=\"article:modified_time\" content=\"2022-04-04T13:39:57+00:00\" \/>\n<meta name=\"twitter:card\" content=\"summary_large_image\" \/>\n<script type=\"application\/ld+json\" class=\"yoast-schema-graph\">{\"@context\":\"https:\/\/schema.org\",\"@graph\":[{\"@type\":\"WebPage\",\"@id\":\"https:\/\/rahrbach.de\/en\/company\/\",\"url\":\"https:\/\/rahrbach.de\/en\/company\/\",\"name\":\"Company - Rahrbach GmbH\",\"isPartOf\":{\"@id\":\"https:\/\/rahrbach.de\/en\/#website\"},\"datePublished\":\"2021-07-01T17:12:01+00:00\",\"dateModified\":\"2022-04-04T13:39:57+00:00\",\"description\":\"Our focus is on the development and production of mechanical and electromagnetic locking solutions for heating devices, cold rooms or refrigerated cabinets.\",\"breadcrumb\":{\"@id\":\"https:\/\/rahrbach.de\/en\/company\/#breadcrumb\"},\"inLanguage\":\"en-US\",\"potentialAction\":[{\"@type\":\"ReadAction\",\"target\":[\"https:\/\/rahrbach.de\/en\/company\/\"]}]},{\"@type\":\"BreadcrumbList\",\"@id\":\"https:\/\/rahrbach.de\/en\/company\/#breadcrumb\",\"itemListElement\":[{\"@type\":\"ListItem\",\"position\":1,\"name\":\"Home\",\"item\":\"https:\/\/rahrbach.de\/en\/home\/\"},{\"@type\":\"ListItem\",\"position\":2,\"name\":\"Company\"}]},{\"@type\":\"WebSite\",\"@id\":\"https:\/\/rahrbach.de\/en\/#website\",\"url\":\"https:\/\/rahrbach.de\/en\/\",\"name\":\"Rahrbach GmbH\",\"description\":\"Verschlusstechnik f\u00fcr K\u00fchlzellen, K\u00fchlm\u00f6bel und Hei\u00dfger\u00e4te\",\"publisher\":{\"@id\":\"https:\/\/rahrbach.de\/en\/#organization\"},\"potentialAction\":[{\"@type\":\"SearchAction\",\"target\":{\"@type\":\"EntryPoint\",\"urlTemplate\":\"https:\/\/rahrbach.de\/en\/?s={search_term_string}\"},\"query-input\":\"required name=search_term_string\"}],\"inLanguage\":\"en-US\"},{\"@type\":\"Organization\",\"@id\":\"https:\/\/rahrbach.de\/en\/#organization\",\"name\":\"Rahrbach GmbH\",\"url\":\"https:\/\/rahrbach.de\/en\/\",\"logo\":{\"@type\":\"ImageObject\",\"inLanguage\":\"en-US\",\"@id\":\"https:\/\/rahrbach.de\/en\/#\/schema\/logo\/image\/\",\"url\":\"https:\/\/rahrbach.de\/app\/uploads\/2021\/08\/logo-1.png\",\"contentUrl\":\"https:\/\/rahrbach.de\/app\/uploads\/2021\/08\/logo-1.png\",\"width\":444,\"height\":164,\"caption\":\"Rahrbach GmbH\"},\"image\":{\"@id\":\"https:\/\/rahrbach.de\/en\/#\/schema\/logo\/image\/\"}}]}<\/script>\n<!-- \/ Yoast SEO plugin. -->","yoast_head_json":{"title":"Company - Rahrbach GmbH","description":"Our focus is on the development and production of mechanical and electromagnetic locking solutions for heating devices, cold rooms or refrigerated cabinets.","robots":{"index":"index","follow":"follow","max-snippet":"max-snippet:-1","max-image-preview":"max-image-preview:large","max-video-preview":"max-video-preview:-1"},"canonical":"https:\/\/rahrbach.de\/en\/company\/","og_locale":"en_US","og_type":"article","og_title":"Company - Rahrbach GmbH","og_description":"Our focus is on the development and production of mechanical and electromagnetic locking solutions for heating devices, cold rooms or refrigerated cabinets.","og_url":"https:\/\/rahrbach.de\/en\/company\/","og_site_name":"Rahrbach GmbH","article_modified_time":"2022-04-04T13:39:57+00:00","twitter_card":"summary_large_image","schema":{"@context":"https:\/\/schema.org","@graph":[{"@type":"WebPage","@id":"https:\/\/rahrbach.de\/en\/company\/","url":"https:\/\/rahrbach.de\/en\/company\/","name":"Company - Rahrbach GmbH","isPartOf":{"@id":"https:\/\/rahrbach.de\/en\/#website"},"datePublished":"2021-07-01T17:12:01+00:00","dateModified":"2022-04-04T13:39:57+00:00","description":"Our focus is on the development and production of mechanical and electromagnetic locking solutions for heating devices, cold rooms or refrigerated cabinets.","breadcrumb":{"@id":"https:\/\/rahrbach.de\/en\/company\/#breadcrumb"},"inLanguage":"en-US","potentialAction":[{"@type":"ReadAction","target":["https:\/\/rahrbach.de\/en\/company\/"]}]},{"@type":"BreadcrumbList","@id":"https:\/\/rahrbach.de\/en\/company\/#breadcrumb","itemListElement":[{"@type":"ListItem","position":1,"name":"Home","item":"https:\/\/rahrbach.de\/en\/home\/"},{"@type":"ListItem","position":2,"name":"Company"}]},{"@type":"WebSite","@id":"https:\/\/rahrbach.de\/en\/#website","url":"https:\/\/rahrbach.de\/en\/","name":"Rahrbach GmbH","description":"Verschlusstechnik f\u00fcr K\u00fchlzellen, K\u00fchlm\u00f6bel und Hei\u00dfger\u00e4te","publisher":{"@id":"https:\/\/rahrbach.de\/en\/#organization"},"potentialAction":[{"@type":"SearchAction","target":{"@type":"EntryPoint","urlTemplate":"https:\/\/rahrbach.de\/en\/?s={search_term_string}"},"query-input":"required name=search_term_string"}],"inLanguage":"en-US"},{"@type":"Organization","@id":"https:\/\/rahrbach.de\/en\/#organization","name":"Rahrbach GmbH","url":"https:\/\/rahrbach.de\/en\/","logo":{"@type":"ImageObject","inLanguage":"en-US","@id":"https:\/\/rahrbach.de\/en\/#\/schema\/logo\/image\/","url":"https:\/\/rahrbach.de\/app\/uploads\/2021\/08\/logo-1.png","contentUrl":"https:\/\/rahrbach.de\/app\/uploads\/2021\/08\/logo-1.png","width":444,"height":164,"caption":"Rahrbach GmbH"},"image":{"@id":"https:\/\/rahrbach.de\/en\/#\/schema\/logo\/image\/"}}]}},"_links":{"self":[{"href":"https:\/\/rahrbach.de\/en\/wp-json\/wp\/v2\/pages\/1226"}],"collection":[{"href":"https:\/\/rahrbach.de\/en\/wp-json\/wp\/v2\/pages"}],"about":[{"href":"https:\/\/rahrbach.de\/en\/wp-json\/wp\/v2\/types\/page"}],"author":[{"embeddable":true,"href":"https:\/\/rahrbach.de\/en\/wp-json\/wp\/v2\/users\/1"}],"replies":[{"embeddable":true,"href":"https:\/\/rahrbach.de\/en\/wp-json\/wp\/v2\/comments?post=1226"}],"version-history":[{"count":10,"href":"https:\/\/rahrbach.de\/en\/wp-json\/wp\/v2\/pages\/1226\/revisions"}],"predecessor-version":[{"id":3942,"href":"https:\/\/rahrbach.de\/en\/wp-json\/wp\/v2\/pages\/1226\/revisions\/3942"}],"wp:attachment":[{"href":"https:\/\/rahrbach.de\/en\/wp-json\/wp\/v2\/media?parent=1226"}],"curies":[{"name":"wp","href":"https:\/\/api.w.org\/{rel}","templated":true}]}}