{"id":2031,"date":"2022-02-24T11:15:09","date_gmt":"2022-02-24T10:15:09","guid":{"rendered":"https:\/\/rahrbach.de\/?page_id=2031"},"modified":"2022-04-05T14:14:08","modified_gmt":"2022-04-05T12:14:08","slug":"products","status":"publish","type":"page","link":"https:\/\/rahrbach.de\/en\/products\/","title":{"rendered":"Products"},"content":{"rendered":"\n<div class=\"wp-block-group categories-group\"><div class=\"wp-block-group__inner-container is-layout-flow wp-block-group-is-layout-flow\"><div class=\"primary-link-card-block\">\n  <a  href=https:\/\/rahrbach.de\/en\/products\/coldrooms\/ >\n          <img loading=\"lazy\" decoding=\"async\" width=\"416\" height=\"468\" src=\"https:\/\/rahrbach.de\/app\/uploads\/2021\/08\/kuehlzellen-background.png\" class=\"background\" alt=\"\" data-src=\"https:\/\/rahrbach.de\/app\/uploads\/2021\/08\/kuehlzellen-background.png\" srcset=\"https:\/\/rahrbach.de\/app\/uploads\/2021\/08\/kuehlzellen-background.png 416w, https:\/\/rahrbach.de\/app\/uploads\/2021\/08\/kuehlzellen-background-267x300.png 267w\" sizes=\"(max-width: 416px) 100vw, 416px\" \/>\n        <div class=\"content-container\">\n      <h2>Excluded professional.<\/h2>\n              <div class=\"link-container accessory-link-small\">\n          <h4>\n            Coldroom\n          <\/h4>\n        <\/div>\n                  <div class=\"icon-container\">\n        <img loading=\"lazy\" decoding=\"async\" width=\"48\" height=\"48\" src=\"https:\/\/rahrbach.de\/app\/uploads\/2021\/08\/coldroom-icon.png\" class=\"icon\" alt=\"\" data-src=\"https:\/\/rahrbach.de\/app\/uploads\/2021\/08\/coldroom-icon.png\" srcset=\"\" \/>\n      <\/div>\n          <\/div>\n  <\/a>\n  <a class=\"image-container\"  href=https:\/\/rahrbach.de\/en\/products\/coldrooms\/ >\n          <img loading=\"lazy\" decoding=\"async\" width=\"236\" height=\"423\" src=\"https:\/\/rahrbach.de\/app\/uploads\/2021\/08\/coldroom.png\" class=\"image\" alt=\"\" data-src=\"https:\/\/rahrbach.de\/app\/uploads\/2021\/08\/coldroom.png\" srcset=\"https:\/\/rahrbach.de\/app\/uploads\/2021\/08\/coldroom.png 236w, https:\/\/rahrbach.de\/app\/uploads\/2021\/08\/coldroom-167x300.png 167w\" sizes=\"(max-width: 236px) 100vw, 236px\" \/>\n      <\/a>\n<\/div>\n\n\n<div class=\"primary-link-card-block\">\n  <a  href=https:\/\/rahrbach.de\/en\/products\/refrigerated-furnishings\/ >\n          <img loading=\"lazy\" decoding=\"async\" width=\"416\" height=\"468\" src=\"https:\/\/rahrbach.de\/app\/uploads\/2021\/08\/kuehlmoebel-background.png\" class=\"background\" alt=\"\" data-src=\"https:\/\/rahrbach.de\/app\/uploads\/2021\/08\/kuehlmoebel-background.png\" srcset=\"https:\/\/rahrbach.de\/app\/uploads\/2021\/08\/kuehlmoebel-background.png 416w, https:\/\/rahrbach.de\/app\/uploads\/2021\/08\/kuehlmoebel-background-267x300.png 267w\" sizes=\"(max-width: 416px) 100vw, 416px\" \/>\n        <div class=\"content-container\">\n      <h2>Don&#039;t rule out comfort.<\/h2>\n              <div class=\"link-container accessory-link-small\">\n          <h4>\n            Refrigerated Furnishings\n          <\/h4>\n        <\/div>\n                  <div class=\"icon-container\">\n        <img loading=\"lazy\" decoding=\"async\" width=\"48\" height=\"48\" src=\"https:\/\/rahrbach.de\/app\/uploads\/2021\/08\/refrigerator-icon.png\" class=\"icon\" alt=\"\" data-src=\"https:\/\/rahrbach.de\/app\/uploads\/2021\/08\/refrigerator-icon.png\" srcset=\"\" \/>\n      <\/div>\n          <\/div>\n  <\/a>\n  <a class=\"image-container\"  href=https:\/\/rahrbach.de\/en\/products\/refrigerated-furnishings\/ >\n          <img loading=\"lazy\" decoding=\"async\" width=\"236\" height=\"423\" src=\"https:\/\/rahrbach.de\/app\/uploads\/2022\/02\/220214_refri.png\" class=\"image\" alt=\"\" data-src=\"https:\/\/rahrbach.de\/app\/uploads\/2022\/02\/220214_refri.png\" srcset=\"https:\/\/rahrbach.de\/app\/uploads\/2022\/02\/220214_refri.png 236w, https:\/\/rahrbach.de\/app\/uploads\/2022\/02\/220214_refri-167x300.png 167w\" sizes=\"(max-width: 236px) 100vw, 236px\" \/>\n      <\/a>\n<\/div>\n\n\n<div class=\"primary-link-card-block\">\n  <a  href=https:\/\/rahrbach.de\/en\/products\/heated-applications\/ >\n          <img loading=\"lazy\" decoding=\"async\" width=\"312\" height=\"468\" src=\"https:\/\/rahrbach.de\/app\/uploads\/2021\/08\/hotequipment-background.png\" class=\"background\" alt=\"\" data-src=\"https:\/\/rahrbach.de\/app\/uploads\/2021\/08\/hotequipment-background.png\" srcset=\"https:\/\/rahrbach.de\/app\/uploads\/2021\/08\/hotequipment-background.png 312w, https:\/\/rahrbach.de\/app\/uploads\/2021\/08\/hotequipment-background-200x300.png 200w\" sizes=\"(max-width: 312px) 100vw, 312px\" \/>\n        <div class=\"content-container\">\n      <h2>Heat always under control.<\/h2>\n              <div class=\"link-container accessory-link-small\">\n          <h4>\n            Heated applications\n          <\/h4>\n        <\/div>\n                  <div class=\"icon-container\">\n        <img loading=\"lazy\" decoding=\"async\" width=\"48\" height=\"48\" src=\"https:\/\/rahrbach.de\/app\/uploads\/2021\/08\/hotequipment-icon.png\" class=\"icon\" alt=\"\" data-src=\"https:\/\/rahrbach.de\/app\/uploads\/2021\/08\/hotequipment-icon.png\" srcset=\"\" \/>\n      <\/div>\n          <\/div>\n  <\/a>\n  <a class=\"image-container\"  href=https:\/\/rahrbach.de\/en\/products\/heated-applications\/ >\n          <img loading=\"lazy\" decoding=\"async\" width=\"500\" height=\"654\" src=\"https:\/\/rahrbach.de\/app\/uploads\/2021\/08\/hotequipment-e1628676339250.png\" class=\"image\" alt=\"\" data-src=\"https:\/\/rahrbach.de\/app\/uploads\/2021\/08\/hotequipment-e1628676339250.png\" srcset=\"https:\/\/rahrbach.de\/app\/uploads\/2021\/08\/hotequipment-e1628676339250.png 500w, https:\/\/rahrbach.de\/app\/uploads\/2021\/08\/hotequipment-e1628676339250-229x300.png 229w\" sizes=\"(max-width: 500px) 100vw, 500px\" \/>\n      <\/a>\n<\/div>\n<\/div><\/div>\n\n\n<div class=\"medium-content-block\">\n      <img loading=\"lazy\" decoding=\"async\" width=\"1024\" height=\"671\" src=\"https:\/\/rahrbach.de\/app\/uploads\/2021\/08\/technology-1024x671.png\" class=\"image\" alt=\"\" data-src=\"https:\/\/rahrbach.de\/app\/uploads\/2021\/08\/technology.png\" srcset=\"https:\/\/rahrbach.de\/app\/uploads\/2021\/08\/technology-1024x671.png 1024w, https:\/\/rahrbach.de\/app\/uploads\/2021\/08\/technology-300x197.png 300w, https:\/\/rahrbach.de\/app\/uploads\/2021\/08\/technology-768x503.png 768w, https:\/\/rahrbach.de\/app\/uploads\/2021\/08\/technology-1536x1007.png 1536w, https:\/\/rahrbach.de\/app\/uploads\/2021\/08\/technology-2048x1342.png 2048w\" sizes=\"(max-width: 1024px) 100vw, 1024px\" \/>\n    <div class=\"content-container\">\n    <h2>Pioneering Technologies<\/h2>\n    <p>Our diverse product range not only includes trend-setting technologies, but also impresses with high-performance reliability. It enables innovative and safe cooling for our global customers. We offer a comprehensive range of different performance features, ideally tailored to your requirements.<\/p>\n<p>Regardless of whether you choose an independent version from our extensive catalog or develop an individualized customer-specific closure solution with us, you are in the best hands with Rahrbach.<\/p>\n\n  <\/div>\n<\/div>\n\n\n<div class=\"medium-content-block\">\n      <img loading=\"lazy\" decoding=\"async\" width=\"1024\" height=\"650\" src=\"https:\/\/rahrbach.de\/app\/uploads\/6188-explo-1-1024x650.png\" class=\"image\" alt=\"\" data-src=\"https:\/\/rahrbach.de\/app\/uploads\/6188-explo-1.png\" srcset=\"https:\/\/rahrbach.de\/app\/uploads\/6188-explo-1-1024x650.png 1024w, https:\/\/rahrbach.de\/app\/uploads\/6188-explo-1-300x190.png 300w, https:\/\/rahrbach.de\/app\/uploads\/6188-explo-1-768x488.png 768w, https:\/\/rahrbach.de\/app\/uploads\/6188-explo-1-1536x975.png 1536w, https:\/\/rahrbach.de\/app\/uploads\/6188-explo-1-2048x1300.png 2048w\" sizes=\"(max-width: 1024px) 100vw, 1024px\" \/>\n    <div class=\"content-container\">\n    <h2>With us, every move is spot on. And works too.<\/h2>\n    <p>We don&#8217;t think in terms of ranges, but in terms of possibilities. As a full-service provider, we develop, design, test, produce and assemble all of our products in-house.<\/p>\n<p>This allows us to customize each of our closure solutions. You can choose between many different materials, surfaces and technologies. But one thing is always certain: we will not leave any of your wishes unfulfilled.<\/p>\n\n  <\/div>\n<\/div>\n\n\n\n<div class=\"wp-block-group widgets-group\"><div class=\"wp-block-group__inner-container is-layout-flow wp-block-group-is-layout-flow\"><div class=\"large-link-card-block\">\n  <div class=\"shadow-card-md\">\n    <a  href=https:\/\/rahrbach.de\/en\/company\/ >\n              <img loading=\"lazy\" decoding=\"async\" width=\"1024\" height=\"681\" src=\"https:\/\/rahrbach.de\/app\/uploads\/2021\/08\/Rahrbach-Firmensitz-1024x681.jpg\" class=\"image\" alt=\"\" data-src=\"https:\/\/rahrbach.de\/app\/uploads\/2021\/08\/Rahrbach-Firmensitz.jpg\" srcset=\"https:\/\/rahrbach.de\/app\/uploads\/2021\/08\/Rahrbach-Firmensitz-1024x681.jpg 1024w, https:\/\/rahrbach.de\/app\/uploads\/2021\/08\/Rahrbach-Firmensitz-300x200.jpg 300w, https:\/\/rahrbach.de\/app\/uploads\/2021\/08\/Rahrbach-Firmensitz-768x511.jpg 768w, https:\/\/rahrbach.de\/app\/uploads\/2021\/08\/Rahrbach-Firmensitz.jpg 1389w\" sizes=\"(max-width: 1024px) 100vw, 1024px\" \/>\n            <div class=\"content-container\">\n        <h2>We get into locking things up.<\/h2>\n                <div class=\"link-container\">\n          <h4>\n          About Rahrbach\n          <\/h4>\n          <div class=\"accessory-icon-small\" ><\/div>\n        <\/div>\n              <\/div>\n    <\/a>\n  <\/div>\n<\/div>\n\n\n<div class=\"large-link-card-block\">\n  <div class=\"shadow-card-md\">\n    <a  href=https:\/\/rahrbach.de\/en\/development-2\/ >\n              <img loading=\"lazy\" decoding=\"async\" width=\"1024\" height=\"671\" src=\"https:\/\/rahrbach.de\/app\/uploads\/2021\/08\/technology-1024x671.png\" class=\"image\" alt=\"\" data-src=\"https:\/\/rahrbach.de\/app\/uploads\/2021\/08\/technology.png\" srcset=\"https:\/\/rahrbach.de\/app\/uploads\/2021\/08\/technology-1024x671.png 1024w, https:\/\/rahrbach.de\/app\/uploads\/2021\/08\/technology-300x197.png 300w, https:\/\/rahrbach.de\/app\/uploads\/2021\/08\/technology-768x503.png 768w, https:\/\/rahrbach.de\/app\/uploads\/2021\/08\/technology-1536x1007.png 1536w, https:\/\/rahrbach.de\/app\/uploads\/2021\/08\/technology-2048x1342.png 2048w\" sizes=\"(max-width: 1024px) 100vw, 1024px\" \/>\n            <div class=\"content-container\">\n        <h2>Standards are there to be exceeded.<\/h2>\n                <div class=\"link-container\">\n          <h4>\n          Technology and Development\n          <\/h4>\n          <div class=\"accessory-icon-small\" ><\/div>\n        <\/div>\n              <\/div>\n    <\/a>\n  <\/div>\n<\/div>\n<\/div><\/div>\n","protected":false},"excerpt":{"rendered":"","protected":false},"author":1,"featured_media":0,"parent":0,"menu_order":0,"comment_status":"closed","ping_status":"closed","template":"template-products.blade.php","meta":{"footnotes":""},"yoast_head":"<!-- This site is optimized with the Yoast SEO plugin v23.3 - https:\/\/yoast.com\/wordpress\/plugins\/seo\/ -->\n<title>Products - Rahrbach GmbH<\/title>\n<meta name=\"robots\" content=\"index, follow, max-snippet:-1, max-image-preview:large, max-video-preview:-1\" \/>\n<link rel=\"canonical\" href=\"https:\/\/rahrbach.de\/en\/products\/\" \/>\n<meta property=\"og:locale\" content=\"en_US\" \/>\n<meta property=\"og:type\" content=\"article\" \/>\n<meta property=\"og:title\" content=\"Products - Rahrbach GmbH\" \/>\n<meta property=\"og:url\" content=\"https:\/\/rahrbach.de\/en\/products\/\" \/>\n<meta property=\"og:site_name\" content=\"Rahrbach GmbH\" \/>\n<meta property=\"article:modified_time\" content=\"2022-04-05T12:14:08+00:00\" \/>\n<meta name=\"twitter:card\" content=\"summary_large_image\" \/>\n<script type=\"application\/ld+json\" class=\"yoast-schema-graph\">{\"@context\":\"https:\/\/schema.org\",\"@graph\":[{\"@type\":\"WebPage\",\"@id\":\"https:\/\/rahrbach.de\/en\/products\/\",\"url\":\"https:\/\/rahrbach.de\/en\/products\/\",\"name\":\"Products - Rahrbach GmbH\",\"isPartOf\":{\"@id\":\"https:\/\/rahrbach.de\/en\/#website\"},\"datePublished\":\"2022-02-24T10:15:09+00:00\",\"dateModified\":\"2022-04-05T12:14:08+00:00\",\"breadcrumb\":{\"@id\":\"https:\/\/rahrbach.de\/en\/products\/#breadcrumb\"},\"inLanguage\":\"en-US\",\"potentialAction\":[{\"@type\":\"ReadAction\",\"target\":[\"https:\/\/rahrbach.de\/en\/products\/\"]}]},{\"@type\":\"BreadcrumbList\",\"@id\":\"https:\/\/rahrbach.de\/en\/products\/#breadcrumb\",\"itemListElement\":[{\"@type\":\"ListItem\",\"position\":1,\"name\":\"Home\",\"item\":\"https:\/\/rahrbach.de\/en\/home\/\"},{\"@type\":\"ListItem\",\"position\":2,\"name\":\"Products\"}]},{\"@type\":\"WebSite\",\"@id\":\"https:\/\/rahrbach.de\/en\/#website\",\"url\":\"https:\/\/rahrbach.de\/en\/\",\"name\":\"Rahrbach GmbH\",\"description\":\"Verschlusstechnik f\u00fcr K\u00fchlzellen, K\u00fchlm\u00f6bel und Hei\u00dfger\u00e4te\",\"publisher\":{\"@id\":\"https:\/\/rahrbach.de\/en\/#organization\"},\"potentialAction\":[{\"@type\":\"SearchAction\",\"target\":{\"@type\":\"EntryPoint\",\"urlTemplate\":\"https:\/\/rahrbach.de\/en\/?s={search_term_string}\"},\"query-input\":\"required name=search_term_string\"}],\"inLanguage\":\"en-US\"},{\"@type\":\"Organization\",\"@id\":\"https:\/\/rahrbach.de\/en\/#organization\",\"name\":\"Rahrbach GmbH\",\"url\":\"https:\/\/rahrbach.de\/en\/\",\"logo\":{\"@type\":\"ImageObject\",\"inLanguage\":\"en-US\",\"@id\":\"https:\/\/rahrbach.de\/en\/#\/schema\/logo\/image\/\",\"url\":\"https:\/\/rahrbach.de\/app\/uploads\/2021\/08\/logo-1.png\",\"contentUrl\":\"https:\/\/rahrbach.de\/app\/uploads\/2021\/08\/logo-1.png\",\"width\":444,\"height\":164,\"caption\":\"Rahrbach GmbH\"},\"image\":{\"@id\":\"https:\/\/rahrbach.de\/en\/#\/schema\/logo\/image\/\"}}]}<\/script>\n<!-- \/ Yoast SEO plugin. -->","yoast_head_json":{"title":"Products - Rahrbach GmbH","robots":{"index":"index","follow":"follow","max-snippet":"max-snippet:-1","max-image-preview":"max-image-preview:large","max-video-preview":"max-video-preview:-1"},"canonical":"https:\/\/rahrbach.de\/en\/products\/","og_locale":"en_US","og_type":"article","og_title":"Products - Rahrbach GmbH","og_url":"https:\/\/rahrbach.de\/en\/products\/","og_site_name":"Rahrbach GmbH","article_modified_time":"2022-04-05T12:14:08+00:00","twitter_card":"summary_large_image","schema":{"@context":"https:\/\/schema.org","@graph":[{"@type":"WebPage","@id":"https:\/\/rahrbach.de\/en\/products\/","url":"https:\/\/rahrbach.de\/en\/products\/","name":"Products - Rahrbach GmbH","isPartOf":{"@id":"https:\/\/rahrbach.de\/en\/#website"},"datePublished":"2022-02-24T10:15:09+00:00","dateModified":"2022-04-05T12:14:08+00:00","breadcrumb":{"@id":"https:\/\/rahrbach.de\/en\/products\/#breadcrumb"},"inLanguage":"en-US","potentialAction":[{"@type":"ReadAction","target":["https:\/\/rahrbach.de\/en\/products\/"]}]},{"@type":"BreadcrumbList","@id":"https:\/\/rahrbach.de\/en\/products\/#breadcrumb","itemListElement":[{"@type":"ListItem","position":1,"name":"Home","item":"https:\/\/rahrbach.de\/en\/home\/"},{"@type":"ListItem","position":2,"name":"Products"}]},{"@type":"WebSite","@id":"https:\/\/rahrbach.de\/en\/#website","url":"https:\/\/rahrbach.de\/en\/","name":"Rahrbach GmbH","description":"Verschlusstechnik f\u00fcr K\u00fchlzellen, K\u00fchlm\u00f6bel und Hei\u00dfger\u00e4te","publisher":{"@id":"https:\/\/rahrbach.de\/en\/#organization"},"potentialAction":[{"@type":"SearchAction","target":{"@type":"EntryPoint","urlTemplate":"https:\/\/rahrbach.de\/en\/?s={search_term_string}"},"query-input":"required name=search_term_string"}],"inLanguage":"en-US"},{"@type":"Organization","@id":"https:\/\/rahrbach.de\/en\/#organization","name":"Rahrbach GmbH","url":"https:\/\/rahrbach.de\/en\/","logo":{"@type":"ImageObject","inLanguage":"en-US","@id":"https:\/\/rahrbach.de\/en\/#\/schema\/logo\/image\/","url":"https:\/\/rahrbach.de\/app\/uploads\/2021\/08\/logo-1.png","contentUrl":"https:\/\/rahrbach.de\/app\/uploads\/2021\/08\/logo-1.png","width":444,"height":164,"caption":"Rahrbach GmbH"},"image":{"@id":"https:\/\/rahrbach.de\/en\/#\/schema\/logo\/image\/"}}]}},"_links":{"self":[{"href":"https:\/\/rahrbach.de\/en\/wp-json\/wp\/v2\/pages\/2031"}],"collection":[{"href":"https:\/\/rahrbach.de\/en\/wp-json\/wp\/v2\/pages"}],"about":[{"href":"https:\/\/rahrbach.de\/en\/wp-json\/wp\/v2\/types\/page"}],"author":[{"embeddable":true,"href":"https:\/\/rahrbach.de\/en\/wp-json\/wp\/v2\/users\/1"}],"replies":[{"embeddable":true,"href":"https:\/\/rahrbach.de\/en\/wp-json\/wp\/v2\/comments?post=2031"}],"version-history":[{"count":24,"href":"https:\/\/rahrbach.de\/en\/wp-json\/wp\/v2\/pages\/2031\/revisions"}],"predecessor-version":[{"id":3950,"href":"https:\/\/rahrbach.de\/en\/wp-json\/wp\/v2\/pages\/2031\/revisions\/3950"}],"wp:attachment":[{"href":"https:\/\/rahrbach.de\/en\/wp-json\/wp\/v2\/media?parent=2031"}],"curies":[{"name":"wp","href":"https:\/\/api.w.org\/{rel}","templated":true}]}}