{"id":2043,"date":"2022-02-24T11:24:33","date_gmt":"2022-02-24T10:24:33","guid":{"rendered":"https:\/\/rahrbach.de\/?page_id=2043"},"modified":"2022-03-31T11:11:57","modified_gmt":"2022-03-31T09:11:57","slug":"imprint","status":"publish","type":"page","link":"https:\/\/rahrbach.de\/en\/imprint\/","title":{"rendered":"Imprint"},"content":{"rendered":"\n<h2 class=\"wp-block-heading\">Information according to \u00a75 TMG<\/h2>\n\n\n\n<h4 class=\"wp-block-heading\">Adress<\/h4>\n\n\n\n<p>Rahrbach GmbH<\/p>\n\n\n\n<p>Nordring 62<\/p>\n\n\n\n<p>D-42579 Heiligenhaus<\/p>\n\n\n\n<h4 class=\"wp-block-heading\">Contact<\/h4>\n\n\n\n<p><a data-type=\"tel\" data-id=\"tel: +4920569700\" href=\"tel: +4920569700\">Phone: +49 (0) 20 56 \/ 970-0<\/a><\/p>\n\n\n\n<p><br>F<a data-type=\"tel\" data-id=\"tel: +492056970100\" href=\"tel: +492056970100\">ax: +49 (0) 20 56 \/ 970-100<\/a><\/p>\n\n\n\n<p><a href=\"mailto: info@rahrbach.de\">E-Mail: info@rahrbach.de<\/a><\/p>\n\n\n\n<h4 class=\"wp-block-heading\">Management Board<\/h4>\n\n\n\n<p>Dr. Klaus Rodemann, CEO<\/p>\n\n\n\n<p>Janina Taiber, CEO<\/p>\n\n\n\n<h4 class=\"wp-block-heading\">Commercial Register<\/h4>\n\n\n\n<p>HRB 17186<\/p>\n\n\n\n<h4 class=\"wp-block-heading\">VAT-ID<\/h4>\n\n\n\n<p>DE 121 533 664<\/p>\n\n\n\n<h4 class=\"wp-block-heading\">Responsible for content pursuant \u00a7 55 Abs. 2 RStV<\/h4>\n\n\n\n<p>Rahrbach GmbH<\/p>\n\n\n\n<h4 class=\"wp-block-heading\">Disclaimer<\/h4>\n\n\n\n<p>The Rahrbach websites were created with all possible care. Nevertheless, Rahrbach cannot guarantee that the given information is free from error or inaccuracy. The Rahrbach websites may contain links to third-party websites operated by providers that are not associated with us. After you click the link, we no longer have any influence over the collection, storage, or processing of any personal data transmitted by clicking the link (such as the IP address or URL of the page that contains the link), as the behaviour of third parties is, by nature, beyond our control. Therefore, Rahrbach is not responsible for the processing of personal data by third parties.<br>Rahrbach retains the right to change the contents of its website without reservation, at any time and without prior notification.<\/p>\n","protected":false},"excerpt":{"rendered":"<p>Information according to \u00a75 TMG Adress Rahrbach GmbH Nordring 62 D-42579 Heiligenhaus Contact Phone: +49 (0) 20 56 \/ 970-0 Fax: +49 (0) 20 56 \/ 970-100 E-Mail: info@rahrbach.de Management Board Dr. Klaus Rodemann, CEO Janina Taiber, CEO Commercial Register HRB 17186 VAT-ID DE 121 533 664 Responsible for content pursuant \u00a7 55 Abs. 2 &hellip; <a href=\"https:\/\/rahrbach.de\/en\/imprint\/\">Continued<\/a><\/p>\n","protected":false},"author":1,"featured_media":0,"parent":0,"menu_order":0,"comment_status":"closed","ping_status":"closed","template":"template-without-hero.blade.php","meta":{"footnotes":""},"yoast_head":"<!-- This site is optimized with the Yoast SEO plugin v23.3 - https:\/\/yoast.com\/wordpress\/plugins\/seo\/ -->\n<title>Imprint - Rahrbach GmbH<\/title>\n<meta name=\"description\" content=\"Information according to \u00a75 TMG Adress Rahrbach GmbH Nordring 62 D-42579 Heiligenhaus Contact Phone: +49 (0) 20 56 \/ 970-0 Fax: +49 (0) 20 56 \/ 970-100\" \/>\n<meta name=\"robots\" content=\"index, follow, max-snippet:-1, max-image-preview:large, max-video-preview:-1\" \/>\n<link rel=\"canonical\" href=\"https:\/\/rahrbach.de\/en\/imprint\/\" \/>\n<meta property=\"og:locale\" content=\"en_US\" \/>\n<meta property=\"og:type\" content=\"article\" \/>\n<meta property=\"og:title\" content=\"Imprint - Rahrbach GmbH\" \/>\n<meta property=\"og:description\" content=\"Information according to \u00a75 TMG Adress Rahrbach GmbH Nordring 62 D-42579 Heiligenhaus Contact Phone: +49 (0) 20 56 \/ 970-0 Fax: +49 (0) 20 56 \/ 970-100\" \/>\n<meta property=\"og:url\" content=\"https:\/\/rahrbach.de\/en\/imprint\/\" \/>\n<meta property=\"og:site_name\" content=\"Rahrbach GmbH\" \/>\n<meta property=\"article:modified_time\" content=\"2022-03-31T09:11:57+00:00\" \/>\n<meta name=\"twitter:card\" content=\"summary_large_image\" \/>\n<meta name=\"twitter:label1\" content=\"Est. reading time\" \/>\n\t<meta name=\"twitter:data1\" content=\"2 minutes\" \/>\n<script type=\"application\/ld+json\" class=\"yoast-schema-graph\">{\"@context\":\"https:\/\/schema.org\",\"@graph\":[{\"@type\":\"WebPage\",\"@id\":\"https:\/\/rahrbach.de\/en\/imprint\/\",\"url\":\"https:\/\/rahrbach.de\/en\/imprint\/\",\"name\":\"Imprint - Rahrbach GmbH\",\"isPartOf\":{\"@id\":\"https:\/\/rahrbach.de\/en\/#website\"},\"datePublished\":\"2022-02-24T10:24:33+00:00\",\"dateModified\":\"2022-03-31T09:11:57+00:00\",\"description\":\"Information according to \u00a75 TMG Adress Rahrbach GmbH Nordring 62 D-42579 Heiligenhaus Contact Phone: +49 (0) 20 56 \/ 970-0 Fax: +49 (0) 20 56 \/ 970-100\",\"breadcrumb\":{\"@id\":\"https:\/\/rahrbach.de\/en\/imprint\/#breadcrumb\"},\"inLanguage\":\"en-US\",\"potentialAction\":[{\"@type\":\"ReadAction\",\"target\":[\"https:\/\/rahrbach.de\/en\/imprint\/\"]}]},{\"@type\":\"BreadcrumbList\",\"@id\":\"https:\/\/rahrbach.de\/en\/imprint\/#breadcrumb\",\"itemListElement\":[{\"@type\":\"ListItem\",\"position\":1,\"name\":\"Home\",\"item\":\"https:\/\/rahrbach.de\/en\/home\/\"},{\"@type\":\"ListItem\",\"position\":2,\"name\":\"Imprint\"}]},{\"@type\":\"WebSite\",\"@id\":\"https:\/\/rahrbach.de\/en\/#website\",\"url\":\"https:\/\/rahrbach.de\/en\/\",\"name\":\"Rahrbach GmbH\",\"description\":\"Verschlusstechnik f\u00fcr K\u00fchlzellen, K\u00fchlm\u00f6bel und Hei\u00dfger\u00e4te\",\"publisher\":{\"@id\":\"https:\/\/rahrbach.de\/en\/#organization\"},\"potentialAction\":[{\"@type\":\"SearchAction\",\"target\":{\"@type\":\"EntryPoint\",\"urlTemplate\":\"https:\/\/rahrbach.de\/en\/?s={search_term_string}\"},\"query-input\":\"required name=search_term_string\"}],\"inLanguage\":\"en-US\"},{\"@type\":\"Organization\",\"@id\":\"https:\/\/rahrbach.de\/en\/#organization\",\"name\":\"Rahrbach GmbH\",\"url\":\"https:\/\/rahrbach.de\/en\/\",\"logo\":{\"@type\":\"ImageObject\",\"inLanguage\":\"en-US\",\"@id\":\"https:\/\/rahrbach.de\/en\/#\/schema\/logo\/image\/\",\"url\":\"https:\/\/rahrbach.de\/app\/uploads\/2021\/08\/logo-1.png\",\"contentUrl\":\"https:\/\/rahrbach.de\/app\/uploads\/2021\/08\/logo-1.png\",\"width\":444,\"height\":164,\"caption\":\"Rahrbach GmbH\"},\"image\":{\"@id\":\"https:\/\/rahrbach.de\/en\/#\/schema\/logo\/image\/\"}}]}<\/script>\n<!-- \/ Yoast SEO plugin. -->","yoast_head_json":{"title":"Imprint - Rahrbach GmbH","description":"Information according to \u00a75 TMG Adress Rahrbach GmbH Nordring 62 D-42579 Heiligenhaus Contact Phone: +49 (0) 20 56 \/ 970-0 Fax: +49 (0) 20 56 \/ 970-100","robots":{"index":"index","follow":"follow","max-snippet":"max-snippet:-1","max-image-preview":"max-image-preview:large","max-video-preview":"max-video-preview:-1"},"canonical":"https:\/\/rahrbach.de\/en\/imprint\/","og_locale":"en_US","og_type":"article","og_title":"Imprint - Rahrbach GmbH","og_description":"Information according to \u00a75 TMG Adress Rahrbach GmbH Nordring 62 D-42579 Heiligenhaus Contact Phone: +49 (0) 20 56 \/ 970-0 Fax: +49 (0) 20 56 \/ 970-100","og_url":"https:\/\/rahrbach.de\/en\/imprint\/","og_site_name":"Rahrbach GmbH","article_modified_time":"2022-03-31T09:11:57+00:00","twitter_card":"summary_large_image","twitter_misc":{"Est. reading time":"2 minutes"},"schema":{"@context":"https:\/\/schema.org","@graph":[{"@type":"WebPage","@id":"https:\/\/rahrbach.de\/en\/imprint\/","url":"https:\/\/rahrbach.de\/en\/imprint\/","name":"Imprint - Rahrbach GmbH","isPartOf":{"@id":"https:\/\/rahrbach.de\/en\/#website"},"datePublished":"2022-02-24T10:24:33+00:00","dateModified":"2022-03-31T09:11:57+00:00","description":"Information according to \u00a75 TMG Adress Rahrbach GmbH Nordring 62 D-42579 Heiligenhaus Contact Phone: +49 (0) 20 56 \/ 970-0 Fax: +49 (0) 20 56 \/ 970-100","breadcrumb":{"@id":"https:\/\/rahrbach.de\/en\/imprint\/#breadcrumb"},"inLanguage":"en-US","potentialAction":[{"@type":"ReadAction","target":["https:\/\/rahrbach.de\/en\/imprint\/"]}]},{"@type":"BreadcrumbList","@id":"https:\/\/rahrbach.de\/en\/imprint\/#breadcrumb","itemListElement":[{"@type":"ListItem","position":1,"name":"Home","item":"https:\/\/rahrbach.de\/en\/home\/"},{"@type":"ListItem","position":2,"name":"Imprint"}]},{"@type":"WebSite","@id":"https:\/\/rahrbach.de\/en\/#website","url":"https:\/\/rahrbach.de\/en\/","name":"Rahrbach GmbH","description":"Verschlusstechnik f\u00fcr K\u00fchlzellen, K\u00fchlm\u00f6bel und Hei\u00dfger\u00e4te","publisher":{"@id":"https:\/\/rahrbach.de\/en\/#organization"},"potentialAction":[{"@type":"SearchAction","target":{"@type":"EntryPoint","urlTemplate":"https:\/\/rahrbach.de\/en\/?s={search_term_string}"},"query-input":"required name=search_term_string"}],"inLanguage":"en-US"},{"@type":"Organization","@id":"https:\/\/rahrbach.de\/en\/#organization","name":"Rahrbach GmbH","url":"https:\/\/rahrbach.de\/en\/","logo":{"@type":"ImageObject","inLanguage":"en-US","@id":"https:\/\/rahrbach.de\/en\/#\/schema\/logo\/image\/","url":"https:\/\/rahrbach.de\/app\/uploads\/2021\/08\/logo-1.png","contentUrl":"https:\/\/rahrbach.de\/app\/uploads\/2021\/08\/logo-1.png","width":444,"height":164,"caption":"Rahrbach GmbH"},"image":{"@id":"https:\/\/rahrbach.de\/en\/#\/schema\/logo\/image\/"}}]}},"_links":{"self":[{"href":"https:\/\/rahrbach.de\/en\/wp-json\/wp\/v2\/pages\/2043"}],"collection":[{"href":"https:\/\/rahrbach.de\/en\/wp-json\/wp\/v2\/pages"}],"about":[{"href":"https:\/\/rahrbach.de\/en\/wp-json\/wp\/v2\/types\/page"}],"author":[{"embeddable":true,"href":"https:\/\/rahrbach.de\/en\/wp-json\/wp\/v2\/users\/1"}],"replies":[{"embeddable":true,"href":"https:\/\/rahrbach.de\/en\/wp-json\/wp\/v2\/comments?post=2043"}],"version-history":[{"count":5,"href":"https:\/\/rahrbach.de\/en\/wp-json\/wp\/v2\/pages\/2043\/revisions"}],"predecessor-version":[{"id":3768,"href":"https:\/\/rahrbach.de\/en\/wp-json\/wp\/v2\/pages\/2043\/revisions\/3768"}],"wp:attachment":[{"href":"https:\/\/rahrbach.de\/en\/wp-json\/wp\/v2\/media?parent=2043"}],"curies":[{"name":"wp","href":"https:\/\/api.w.org\/{rel}","templated":true}]}}