{"id":3566,"date":"2022-03-18T09:31:36","date_gmt":"2022-03-18T08:31:36","guid":{"rendered":"https:\/\/rahrbach.de\/technologie-entwicklung\/"},"modified":"2022-04-04T15:38:34","modified_gmt":"2022-04-04T13:38:34","slug":"development-2","status":"publish","type":"page","link":"https:\/\/rahrbach.de\/en\/development-2\/","title":{"rendered":"Development"},"content":{"rendered":"<div class=\"hero-block\">\n      <figure>\n      <img loading=\"lazy\" decoding=\"async\" width=\"1024\" height=\"671\" src=\"https:\/\/rahrbach.de\/app\/uploads\/2021\/08\/technology-1024x671.png\" class=\"background\" alt=\"\" data-src=\"https:\/\/rahrbach.de\/app\/uploads\/2021\/08\/technology.png\" srcset=\"https:\/\/rahrbach.de\/app\/uploads\/2021\/08\/technology-1024x671.png 1024w, https:\/\/rahrbach.de\/app\/uploads\/2021\/08\/technology-300x197.png 300w, https:\/\/rahrbach.de\/app\/uploads\/2021\/08\/technology-768x503.png 768w, https:\/\/rahrbach.de\/app\/uploads\/2021\/08\/technology-1536x1007.png 1536w, https:\/\/rahrbach.de\/app\/uploads\/2021\/08\/technology-2048x1342.png 2048w\" sizes=\"(max-width: 1024px) 100vw, 1024px\" \/>\n    <\/figure>\n  \n  \n  \n  <div class=\"content-container\">\n        <h4 style=\"color: ;\">Technology and Development<\/h4>\n        <h1 style=\"color: ;\">Standards are there to be exceeded.<\/h1>\n        <h5 style=\"color: ;\"> <\/h5>\n  <\/div>\n<\/div>\n\n\n\n<h2 class=\"wp-block-heading\"> <br> <br> <\/h2>\n\n\n<div class=\"medium-content-block\">\n      <img loading=\"lazy\" decoding=\"async\" width=\"1024\" height=\"744\" src=\"https:\/\/rahrbach.de\/app\/uploads\/2021\/08\/entwicklung_01-1024x744.jpg\" class=\"image\" alt=\"\" data-src=\"https:\/\/rahrbach.de\/app\/uploads\/2021\/08\/entwicklung_01.jpg\" srcset=\"https:\/\/rahrbach.de\/app\/uploads\/2021\/08\/entwicklung_01-1024x744.jpg 1024w, https:\/\/rahrbach.de\/app\/uploads\/2021\/08\/entwicklung_01-300x218.jpg 300w, https:\/\/rahrbach.de\/app\/uploads\/2021\/08\/entwicklung_01-768x558.jpg 768w, https:\/\/rahrbach.de\/app\/uploads\/2021\/08\/entwicklung_01-1536x1116.jpg 1536w, https:\/\/rahrbach.de\/app\/uploads\/2021\/08\/entwicklung_01.jpg 2048w\" sizes=\"(max-width: 1024px) 100vw, 1024px\" \/>\n    <div class=\"content-container\">\n    <h2>Quality-and Environmentmanagement<\/h2>\n    <p>Consistent quality and environmental management are an essential part of our corporate DNA. &#8220;Made in Germany&#8221; is a quality promise that we fulfill without exception. Our ISO 9001 certification confirms this \u2014 even on an international level. Appropriate use of energy and environmental awareness are also among the most important elements of our corporate policy. With the ISO 14001 and 50001 certifications, we are well on the way to reducing Rahrbach&#8217;s ecological footprint as much as possible.<\/p>\n<p>Modern machines that are state-of-the-art in terms of production and environmental technology help to achieve this goal as quickly as possible. We are firmly convinced that a company not only has to continuously develop its products, but also itself. With consistent management in terms of quality and the environment, we do exactly that \u2013 with success!<\/p>\n\n  <\/div>\n<\/div>\n\n\n<div class=\"medium-content-block\">\n      <img loading=\"lazy\" decoding=\"async\" width=\"1024\" height=\"744\" src=\"https:\/\/rahrbach.de\/app\/uploads\/entwicklung_02-1024x744.jpg\" class=\"image\" alt=\"\" data-src=\"https:\/\/rahrbach.de\/app\/uploads\/entwicklung_02.jpg\" srcset=\"https:\/\/rahrbach.de\/app\/uploads\/entwicklung_02-1024x744.jpg 1024w, https:\/\/rahrbach.de\/app\/uploads\/entwicklung_02-300x218.jpg 300w, https:\/\/rahrbach.de\/app\/uploads\/entwicklung_02-768x558.jpg 768w, https:\/\/rahrbach.de\/app\/uploads\/entwicklung_02-1536x1116.jpg 1536w, https:\/\/rahrbach.de\/app\/uploads\/entwicklung_02.jpg 2048w\" sizes=\"(max-width: 1024px) 100vw, 1024px\" \/>\n    <div class=\"content-container\">\n    <h2>What doesn&#039;t fit, we make it fit.<\/h2>\n    <p>We don&#8217;t think in terms of ranges, but in terms of possibilities. As a full-service provider, we develop, design, test, produce and assemble all of our products in-house. This allows us to customize each of our closure solutions. You can choose between many different materials, surfaces and technologies. But one thing is always certain: we will not leave any of your wishes unfulfilled.<\/p>\n<p>For you, it may just be normal everyday objects that either give you access or deny you access. But for us, handles are much more than that. More than just &#8220;open&#8221; and &#8220;closed&#8221;. They are useful helpers who solve the toughest challenges every day \u2014 and each of them is different. The grip must always be adapted to the task. Not the task at hand. Accordingly, our closure systems are designed and developed individually for your requirements. These custom-made solutions are impressive in a wide variety of areas: Whether in the research sector, healthcare, retail or gastronomy &#8211; we have everything under control. Some of the challenges to complete are listed on this site. If you don&#8217;t find your personal challenge here, don&#8217;t hesitate to contact us. Thanks to our many years of development expertise, we will also draw the right conclusions for your problem. And manufacture.<\/p>\n\n  <\/div>\n<\/div>\n","protected":false},"excerpt":{"rendered":"<p>We don&#8217;t think in terms of ranges, but in terms of possibilities. As a full-service provider, we develop, design, test, produce and assemble all of our products in-house.<\/p>\n","protected":false},"author":1,"featured_media":0,"parent":0,"menu_order":0,"comment_status":"closed","ping_status":"closed","template":"template-company.blade.php","meta":{"footnotes":""},"yoast_head":"<!-- This site is optimized with the Yoast SEO plugin v23.3 - https:\/\/yoast.com\/wordpress\/plugins\/seo\/ -->\n<title>Development - Rahrbach GmbH<\/title>\n<meta name=\"description\" content=\"We don&#039;t think in terms of ranges, but in terms of possibilities. As a full-service provider, we develop, design, test, produce and assemble all of our products in-house.\" \/>\n<meta name=\"robots\" content=\"index, follow, max-snippet:-1, max-image-preview:large, max-video-preview:-1\" \/>\n<link rel=\"canonical\" href=\"https:\/\/rahrbach.de\/en\/development-2\/\" \/>\n<meta property=\"og:locale\" content=\"en_US\" \/>\n<meta property=\"og:type\" content=\"article\" \/>\n<meta property=\"og:title\" content=\"Development - Rahrbach GmbH\" \/>\n<meta property=\"og:description\" content=\"We don&#039;t think in terms of ranges, but in terms of possibilities. As a full-service provider, we develop, design, test, produce and assemble all of our products in-house.\" \/>\n<meta property=\"og:url\" content=\"https:\/\/rahrbach.de\/en\/development-2\/\" \/>\n<meta property=\"og:site_name\" content=\"Rahrbach GmbH\" \/>\n<meta property=\"article:modified_time\" content=\"2022-04-04T13:38:34+00:00\" \/>\n<meta name=\"twitter:card\" content=\"summary_large_image\" \/>\n<script type=\"application\/ld+json\" class=\"yoast-schema-graph\">{\"@context\":\"https:\/\/schema.org\",\"@graph\":[{\"@type\":\"WebPage\",\"@id\":\"https:\/\/rahrbach.de\/en\/development-2\/\",\"url\":\"https:\/\/rahrbach.de\/en\/development-2\/\",\"name\":\"Development - Rahrbach GmbH\",\"isPartOf\":{\"@id\":\"https:\/\/rahrbach.de\/en\/#website\"},\"datePublished\":\"2022-03-18T08:31:36+00:00\",\"dateModified\":\"2022-04-04T13:38:34+00:00\",\"description\":\"We don't think in terms of ranges, but in terms of possibilities. As a full-service provider, we develop, design, test, produce and assemble all of our products in-house.\",\"breadcrumb\":{\"@id\":\"https:\/\/rahrbach.de\/en\/development-2\/#breadcrumb\"},\"inLanguage\":\"en-US\",\"potentialAction\":[{\"@type\":\"ReadAction\",\"target\":[\"https:\/\/rahrbach.de\/en\/development-2\/\"]}]},{\"@type\":\"BreadcrumbList\",\"@id\":\"https:\/\/rahrbach.de\/en\/development-2\/#breadcrumb\",\"itemListElement\":[{\"@type\":\"ListItem\",\"position\":1,\"name\":\"Home\",\"item\":\"https:\/\/rahrbach.de\/en\/home\/\"},{\"@type\":\"ListItem\",\"position\":2,\"name\":\"Development\"}]},{\"@type\":\"WebSite\",\"@id\":\"https:\/\/rahrbach.de\/en\/#website\",\"url\":\"https:\/\/rahrbach.de\/en\/\",\"name\":\"Rahrbach GmbH\",\"description\":\"Verschlusstechnik f\u00fcr K\u00fchlzellen, K\u00fchlm\u00f6bel und Hei\u00dfger\u00e4te\",\"publisher\":{\"@id\":\"https:\/\/rahrbach.de\/en\/#organization\"},\"potentialAction\":[{\"@type\":\"SearchAction\",\"target\":{\"@type\":\"EntryPoint\",\"urlTemplate\":\"https:\/\/rahrbach.de\/en\/?s={search_term_string}\"},\"query-input\":\"required name=search_term_string\"}],\"inLanguage\":\"en-US\"},{\"@type\":\"Organization\",\"@id\":\"https:\/\/rahrbach.de\/en\/#organization\",\"name\":\"Rahrbach GmbH\",\"url\":\"https:\/\/rahrbach.de\/en\/\",\"logo\":{\"@type\":\"ImageObject\",\"inLanguage\":\"en-US\",\"@id\":\"https:\/\/rahrbach.de\/en\/#\/schema\/logo\/image\/\",\"url\":\"https:\/\/rahrbach.de\/app\/uploads\/2021\/08\/logo-1.png\",\"contentUrl\":\"https:\/\/rahrbach.de\/app\/uploads\/2021\/08\/logo-1.png\",\"width\":444,\"height\":164,\"caption\":\"Rahrbach GmbH\"},\"image\":{\"@id\":\"https:\/\/rahrbach.de\/en\/#\/schema\/logo\/image\/\"}}]}<\/script>\n<!-- \/ Yoast SEO plugin. -->","yoast_head_json":{"title":"Development - Rahrbach GmbH","description":"We don't think in terms of ranges, but in terms of possibilities. As a full-service provider, we develop, design, test, produce and assemble all of our products in-house.","robots":{"index":"index","follow":"follow","max-snippet":"max-snippet:-1","max-image-preview":"max-image-preview:large","max-video-preview":"max-video-preview:-1"},"canonical":"https:\/\/rahrbach.de\/en\/development-2\/","og_locale":"en_US","og_type":"article","og_title":"Development - Rahrbach GmbH","og_description":"We don't think in terms of ranges, but in terms of possibilities. As a full-service provider, we develop, design, test, produce and assemble all of our products in-house.","og_url":"https:\/\/rahrbach.de\/en\/development-2\/","og_site_name":"Rahrbach GmbH","article_modified_time":"2022-04-04T13:38:34+00:00","twitter_card":"summary_large_image","schema":{"@context":"https:\/\/schema.org","@graph":[{"@type":"WebPage","@id":"https:\/\/rahrbach.de\/en\/development-2\/","url":"https:\/\/rahrbach.de\/en\/development-2\/","name":"Development - Rahrbach GmbH","isPartOf":{"@id":"https:\/\/rahrbach.de\/en\/#website"},"datePublished":"2022-03-18T08:31:36+00:00","dateModified":"2022-04-04T13:38:34+00:00","description":"We don't think in terms of ranges, but in terms of possibilities. As a full-service provider, we develop, design, test, produce and assemble all of our products in-house.","breadcrumb":{"@id":"https:\/\/rahrbach.de\/en\/development-2\/#breadcrumb"},"inLanguage":"en-US","potentialAction":[{"@type":"ReadAction","target":["https:\/\/rahrbach.de\/en\/development-2\/"]}]},{"@type":"BreadcrumbList","@id":"https:\/\/rahrbach.de\/en\/development-2\/#breadcrumb","itemListElement":[{"@type":"ListItem","position":1,"name":"Home","item":"https:\/\/rahrbach.de\/en\/home\/"},{"@type":"ListItem","position":2,"name":"Development"}]},{"@type":"WebSite","@id":"https:\/\/rahrbach.de\/en\/#website","url":"https:\/\/rahrbach.de\/en\/","name":"Rahrbach GmbH","description":"Verschlusstechnik f\u00fcr K\u00fchlzellen, K\u00fchlm\u00f6bel und Hei\u00dfger\u00e4te","publisher":{"@id":"https:\/\/rahrbach.de\/en\/#organization"},"potentialAction":[{"@type":"SearchAction","target":{"@type":"EntryPoint","urlTemplate":"https:\/\/rahrbach.de\/en\/?s={search_term_string}"},"query-input":"required name=search_term_string"}],"inLanguage":"en-US"},{"@type":"Organization","@id":"https:\/\/rahrbach.de\/en\/#organization","name":"Rahrbach GmbH","url":"https:\/\/rahrbach.de\/en\/","logo":{"@type":"ImageObject","inLanguage":"en-US","@id":"https:\/\/rahrbach.de\/en\/#\/schema\/logo\/image\/","url":"https:\/\/rahrbach.de\/app\/uploads\/2021\/08\/logo-1.png","contentUrl":"https:\/\/rahrbach.de\/app\/uploads\/2021\/08\/logo-1.png","width":444,"height":164,"caption":"Rahrbach GmbH"},"image":{"@id":"https:\/\/rahrbach.de\/en\/#\/schema\/logo\/image\/"}}]}},"_links":{"self":[{"href":"https:\/\/rahrbach.de\/en\/wp-json\/wp\/v2\/pages\/3566"}],"collection":[{"href":"https:\/\/rahrbach.de\/en\/wp-json\/wp\/v2\/pages"}],"about":[{"href":"https:\/\/rahrbach.de\/en\/wp-json\/wp\/v2\/types\/page"}],"author":[{"embeddable":true,"href":"https:\/\/rahrbach.de\/en\/wp-json\/wp\/v2\/users\/1"}],"replies":[{"embeddable":true,"href":"https:\/\/rahrbach.de\/en\/wp-json\/wp\/v2\/comments?post=3566"}],"version-history":[{"count":13,"href":"https:\/\/rahrbach.de\/en\/wp-json\/wp\/v2\/pages\/3566\/revisions"}],"predecessor-version":[{"id":3940,"href":"https:\/\/rahrbach.de\/en\/wp-json\/wp\/v2\/pages\/3566\/revisions\/3940"}],"wp:attachment":[{"href":"https:\/\/rahrbach.de\/en\/wp-json\/wp\/v2\/media?parent=3566"}],"curies":[{"name":"wp","href":"https:\/\/api.w.org\/{rel}","templated":true}]}}