{"id":3570,"date":"2021-07-01T19:12:36","date_gmt":"2021-07-01T17:12:36","guid":{"rendered":"https:\/\/rahrbach.de\/kontakt\/"},"modified":"2025-07-03T15:06:21","modified_gmt":"2025-07-03T13:06:21","slug":"contact","status":"publish","type":"page","link":"https:\/\/rahrbach.de\/en\/contact\/","title":{"rendered":"Contact"},"content":{"rendered":"<div class=\"hero-block\">\n      <figure>\n      <img loading=\"lazy\" decoding=\"async\" width=\"1024\" height=\"744\" src=\"https:\/\/rahrbach.de\/app\/uploads\/2021\/08\/entwicklung_02-1024x744.jpg\" class=\"background\" alt=\"\" data-src=\"https:\/\/rahrbach.de\/app\/uploads\/2021\/08\/entwicklung_02.jpg\" srcset=\"https:\/\/rahrbach.de\/app\/uploads\/2021\/08\/entwicklung_02-1024x744.jpg 1024w, https:\/\/rahrbach.de\/app\/uploads\/2021\/08\/entwicklung_02-300x218.jpg 300w, https:\/\/rahrbach.de\/app\/uploads\/2021\/08\/entwicklung_02-768x558.jpg 768w, https:\/\/rahrbach.de\/app\/uploads\/2021\/08\/entwicklung_02-1536x1116.jpg 1536w, https:\/\/rahrbach.de\/app\/uploads\/2021\/08\/entwicklung_02.jpg 2048w\" sizes=\"(max-width: 1024px) 100vw, 1024px\" \/>\n    <\/figure>\n  \n  \n  \n  <div class=\"content-container\">\n        <h4 style=\"color: #ffffff;\">We are Rahrbach<\/h4>\n        <h1 style=\"color: #ffffff;\">Contact<\/h1>\n        <h5 style=\"color: #ffffff;\"> <\/h5>\n  <\/div>\n<\/div>\n\n\n\n<div class=\"wp-block-group\"><div class=\"wp-block-group__inner-container is-layout-flow wp-block-group-is-layout-flow\">\n<h1 class=\"wp-block-heading\">Rahrbach GmbH<\/h1>\n\n\n\n<h2 class=\"wp-block-heading\"><a href=\"https:\/\/goo.gl\/maps\/NbKWzrjjqKGyAb3x6\" target=\"_blank\" rel=\"noreferrer noopener\">Nordring 62<br>D-42579 Heiligenhaus<\/a><\/h2>\n\n\n\n<p><a href=\"tel: +4920569700\">Phone: +49 (0) 20 56 \/ 970-0<\/a><\/p>\n\n\n\n<p> <a href=\"mailto: info@rahrbach.de\">E-Mail: info@rahrbach.de<\/a><\/p>\n<\/div><\/div>\n\n\n<div class=\"contacts-block\">\n    <h1>Sales<\/h1>\n  \n    <div class=\"grid-container\">\n          <div class=\"contact-container\">\n                    <h2>Frank Weber<\/h2>\n          \n                    <h4>Area Sales Manager<\/h4>\n          \n                    <p>\n            <a href=\"tel:+49 2056 970-148\">Phone: +49 2056 970-148<\/a>\n          <\/p>\n          \n                    <p>\n            <a href=\"mailto:f.weber@rahrbach.de\">Email: f.weber@rahrbach.de<\/a>\n          <\/p>\n                <\/div>\n          <div class=\"contact-container\">\n                    <h2>Anja Appel<\/h2>\n          \n                    <h4>Sales<\/h4>\n          \n                    <p>\n            <a href=\"tel: +49 2056 970-113\">Phone:  +49 2056 970-113<\/a>\n          <\/p>\n          \n                    <p>\n            <a href=\"mailto:a.appel@rahrbach.de\">Email: a.appel@rahrbach.de<\/a>\n          <\/p>\n                <\/div>\n          <div class=\"contact-container\">\n                    <h2>Thorsten Hornscheidt<\/h2>\n          \n                    <h4>Area Sales Manager<\/h4>\n          \n                    <p>\n            <a href=\"tel: +49 2056 970-118\">Phone:  +49 2056 970-118<\/a>\n          <\/p>\n          \n                    <p>\n            <a href=\"mailto: t.hornscheidt@rahrbach.de\">Email:  t.hornscheidt@rahrbach.de<\/a>\n          <\/p>\n                <\/div>\n          <div class=\"contact-container\">\n                    <h2>Anna Dadou<\/h2>\n          \n                    <h4>Sales Manager Italy \/ Sales<\/h4>\n          \n                    <p>\n            <a href=\"tel:+49 2056 970-111\">Phone: +49 2056 970-111<\/a>\n          <\/p>\n          \n                    <p>\n            <a href=\"mailto:a.dadou@rahrbach.de\">Email: a.dadou@rahrbach.de<\/a>\n          <\/p>\n                <\/div>\n          <div class=\"contact-container\">\n                    <h2>Ron Kerkemeier<\/h2>\n          \n                    <h4>Sales<\/h4>\n          \n                    <p>\n            <a href=\"tel:+49 2056 970-177\">Phone: +49 2056 970-177<\/a>\n          <\/p>\n          \n                    <p>\n            <a href=\"mailto:r.kerkemeier@rahrbach.de\">Email: r.kerkemeier@rahrbach.de<\/a>\n          <\/p>\n                <\/div>\n          <div class=\"contact-container\">\n                    <h2>Anjane Schmidt<\/h2>\n          \n                    <h4>Sales<\/h4>\n          \n                    <p>\n            <a href=\"tel:+49 2056 970-122\">Phone: +49 2056 970-122<\/a>\n          <\/p>\n          \n                    <p>\n            <a href=\"mailto:a.schmidt@rahrbach.de\">Email: a.schmidt@rahrbach.de<\/a>\n          <\/p>\n                <\/div>\n      <\/div>\n  <\/div>\n\n\n<p><!-- \/wp:group --><\/p>","protected":false},"excerpt":{"rendered":"<p>Rahrbach GmbH Nordring 62D-42579 Heiligenhaus Phone: +49 (0) 20 56 \/ 970-0 E-Mail: info@rahrbach.de<\/p>\n","protected":false},"author":1,"featured_media":0,"parent":0,"menu_order":0,"comment_status":"closed","ping_status":"closed","template":"template-contact.blade.php","meta":{"footnotes":""},"yoast_head":"<!-- This site is optimized with the Yoast SEO plugin v23.3 - https:\/\/yoast.com\/wordpress\/plugins\/seo\/ -->\n<title>Contact - Rahrbach GmbH<\/title>\n<meta name=\"description\" content=\"Rahrbach GmbH  Nordring 62D-42579 Heiligenhaus  Phone: +49 (0) 20 56 \/ 970-0   E-Mail: info@rahrbach.de\" \/>\n<meta name=\"robots\" content=\"index, follow, max-snippet:-1, max-image-preview:large, max-video-preview:-1\" \/>\n<link rel=\"canonical\" href=\"https:\/\/rahrbach.de\/en\/contact\/\" \/>\n<meta property=\"og:locale\" content=\"en_US\" \/>\n<meta property=\"og:type\" content=\"article\" \/>\n<meta property=\"og:title\" content=\"Contact - Rahrbach GmbH\" \/>\n<meta property=\"og:description\" content=\"Rahrbach GmbH  Nordring 62D-42579 Heiligenhaus  Phone: +49 (0) 20 56 \/ 970-0   E-Mail: info@rahrbach.de\" \/>\n<meta property=\"og:url\" content=\"https:\/\/rahrbach.de\/en\/contact\/\" \/>\n<meta property=\"og:site_name\" content=\"Rahrbach GmbH\" \/>\n<meta property=\"article:modified_time\" content=\"2025-07-03T13:06:21+00:00\" \/>\n<meta name=\"twitter:card\" content=\"summary_large_image\" \/>\n<meta name=\"twitter:label1\" content=\"Est. reading time\" \/>\n\t<meta name=\"twitter:data1\" content=\"1 minute\" \/>\n<script type=\"application\/ld+json\" class=\"yoast-schema-graph\">{\"@context\":\"https:\/\/schema.org\",\"@graph\":[{\"@type\":\"WebPage\",\"@id\":\"https:\/\/rahrbach.de\/en\/contact\/\",\"url\":\"https:\/\/rahrbach.de\/en\/contact\/\",\"name\":\"Contact - Rahrbach GmbH\",\"isPartOf\":{\"@id\":\"https:\/\/rahrbach.de\/en\/#website\"},\"datePublished\":\"2021-07-01T17:12:36+00:00\",\"dateModified\":\"2025-07-03T13:06:21+00:00\",\"description\":\"Rahrbach GmbH Nordring 62D-42579 Heiligenhaus Phone: +49 (0) 20 56 \/ 970-0 E-Mail: info@rahrbach.de\",\"breadcrumb\":{\"@id\":\"https:\/\/rahrbach.de\/en\/contact\/#breadcrumb\"},\"inLanguage\":\"en-US\",\"potentialAction\":[{\"@type\":\"ReadAction\",\"target\":[\"https:\/\/rahrbach.de\/en\/contact\/\"]}]},{\"@type\":\"BreadcrumbList\",\"@id\":\"https:\/\/rahrbach.de\/en\/contact\/#breadcrumb\",\"itemListElement\":[{\"@type\":\"ListItem\",\"position\":1,\"name\":\"Home\",\"item\":\"https:\/\/rahrbach.de\/en\/home\/\"},{\"@type\":\"ListItem\",\"position\":2,\"name\":\"Contact\"}]},{\"@type\":\"WebSite\",\"@id\":\"https:\/\/rahrbach.de\/en\/#website\",\"url\":\"https:\/\/rahrbach.de\/en\/\",\"name\":\"Rahrbach GmbH\",\"description\":\"Verschlusstechnik f\u00fcr K\u00fchlzellen, K\u00fchlm\u00f6bel und Hei\u00dfger\u00e4te\",\"publisher\":{\"@id\":\"https:\/\/rahrbach.de\/en\/#organization\"},\"potentialAction\":[{\"@type\":\"SearchAction\",\"target\":{\"@type\":\"EntryPoint\",\"urlTemplate\":\"https:\/\/rahrbach.de\/en\/?s={search_term_string}\"},\"query-input\":\"required name=search_term_string\"}],\"inLanguage\":\"en-US\"},{\"@type\":\"Organization\",\"@id\":\"https:\/\/rahrbach.de\/en\/#organization\",\"name\":\"Rahrbach GmbH\",\"url\":\"https:\/\/rahrbach.de\/en\/\",\"logo\":{\"@type\":\"ImageObject\",\"inLanguage\":\"en-US\",\"@id\":\"https:\/\/rahrbach.de\/en\/#\/schema\/logo\/image\/\",\"url\":\"https:\/\/rahrbach.de\/app\/uploads\/2021\/08\/logo-1.png\",\"contentUrl\":\"https:\/\/rahrbach.de\/app\/uploads\/2021\/08\/logo-1.png\",\"width\":444,\"height\":164,\"caption\":\"Rahrbach GmbH\"},\"image\":{\"@id\":\"https:\/\/rahrbach.de\/en\/#\/schema\/logo\/image\/\"}}]}<\/script>\n<!-- \/ Yoast SEO plugin. -->","yoast_head_json":{"title":"Contact - Rahrbach GmbH","description":"Rahrbach GmbH  Nordring 62D-42579 Heiligenhaus  Phone: +49 (0) 20 56 \/ 970-0   E-Mail: info@rahrbach.de","robots":{"index":"index","follow":"follow","max-snippet":"max-snippet:-1","max-image-preview":"max-image-preview:large","max-video-preview":"max-video-preview:-1"},"canonical":"https:\/\/rahrbach.de\/en\/contact\/","og_locale":"en_US","og_type":"article","og_title":"Contact - Rahrbach GmbH","og_description":"Rahrbach GmbH  Nordring 62D-42579 Heiligenhaus  Phone: +49 (0) 20 56 \/ 970-0   E-Mail: info@rahrbach.de","og_url":"https:\/\/rahrbach.de\/en\/contact\/","og_site_name":"Rahrbach GmbH","article_modified_time":"2025-07-03T13:06:21+00:00","twitter_card":"summary_large_image","twitter_misc":{"Est. reading time":"1 minute"},"schema":{"@context":"https:\/\/schema.org","@graph":[{"@type":"WebPage","@id":"https:\/\/rahrbach.de\/en\/contact\/","url":"https:\/\/rahrbach.de\/en\/contact\/","name":"Contact - Rahrbach GmbH","isPartOf":{"@id":"https:\/\/rahrbach.de\/en\/#website"},"datePublished":"2021-07-01T17:12:36+00:00","dateModified":"2025-07-03T13:06:21+00:00","description":"Rahrbach GmbH Nordring 62D-42579 Heiligenhaus Phone: +49 (0) 20 56 \/ 970-0 E-Mail: info@rahrbach.de","breadcrumb":{"@id":"https:\/\/rahrbach.de\/en\/contact\/#breadcrumb"},"inLanguage":"en-US","potentialAction":[{"@type":"ReadAction","target":["https:\/\/rahrbach.de\/en\/contact\/"]}]},{"@type":"BreadcrumbList","@id":"https:\/\/rahrbach.de\/en\/contact\/#breadcrumb","itemListElement":[{"@type":"ListItem","position":1,"name":"Home","item":"https:\/\/rahrbach.de\/en\/home\/"},{"@type":"ListItem","position":2,"name":"Contact"}]},{"@type":"WebSite","@id":"https:\/\/rahrbach.de\/en\/#website","url":"https:\/\/rahrbach.de\/en\/","name":"Rahrbach GmbH","description":"Verschlusstechnik f\u00fcr K\u00fchlzellen, K\u00fchlm\u00f6bel und Hei\u00dfger\u00e4te","publisher":{"@id":"https:\/\/rahrbach.de\/en\/#organization"},"potentialAction":[{"@type":"SearchAction","target":{"@type":"EntryPoint","urlTemplate":"https:\/\/rahrbach.de\/en\/?s={search_term_string}"},"query-input":"required name=search_term_string"}],"inLanguage":"en-US"},{"@type":"Organization","@id":"https:\/\/rahrbach.de\/en\/#organization","name":"Rahrbach GmbH","url":"https:\/\/rahrbach.de\/en\/","logo":{"@type":"ImageObject","inLanguage":"en-US","@id":"https:\/\/rahrbach.de\/en\/#\/schema\/logo\/image\/","url":"https:\/\/rahrbach.de\/app\/uploads\/2021\/08\/logo-1.png","contentUrl":"https:\/\/rahrbach.de\/app\/uploads\/2021\/08\/logo-1.png","width":444,"height":164,"caption":"Rahrbach GmbH"},"image":{"@id":"https:\/\/rahrbach.de\/en\/#\/schema\/logo\/image\/"}}]}},"_links":{"self":[{"href":"https:\/\/rahrbach.de\/en\/wp-json\/wp\/v2\/pages\/3570"}],"collection":[{"href":"https:\/\/rahrbach.de\/en\/wp-json\/wp\/v2\/pages"}],"about":[{"href":"https:\/\/rahrbach.de\/en\/wp-json\/wp\/v2\/types\/page"}],"author":[{"embeddable":true,"href":"https:\/\/rahrbach.de\/en\/wp-json\/wp\/v2\/users\/1"}],"replies":[{"embeddable":true,"href":"https:\/\/rahrbach.de\/en\/wp-json\/wp\/v2\/comments?post=3570"}],"version-history":[{"count":16,"href":"https:\/\/rahrbach.de\/en\/wp-json\/wp\/v2\/pages\/3570\/revisions"}],"predecessor-version":[{"id":4317,"href":"https:\/\/rahrbach.de\/en\/wp-json\/wp\/v2\/pages\/3570\/revisions\/4317"}],"wp:attachment":[{"href":"https:\/\/rahrbach.de\/en\/wp-json\/wp\/v2\/media?parent=3570"}],"curies":[{"name":"wp","href":"https:\/\/api.w.org\/{rel}","templated":true}]}}