{"id":362,"date":"2021-06-30T12:52:38","date_gmt":"2021-06-30T10:52:38","guid":{"rendered":"https:\/\/rahrbach.de\/home\/"},"modified":"2022-05-10T16:12:15","modified_gmt":"2022-05-10T14:12:15","slug":"home","status":"publish","type":"page","link":"https:\/\/rahrbach.de\/en\/","title":{"rendered":"Startseite"},"content":{"rendered":"<div class=\"grid-random-block\">\n          <div class=\"hero-block\">\n  \n  \n                <video autoplay loop muted playsinline poster=\"https:\/\/rahrbach.de\/app\/uploads\/2021\/08\/main-hero-background.png\" width=\"6488\" height=\"4052\" class=\"absolute left-0 top-0 w-full h-full object-cover\">\n                    <source src=\"https:\/\/rahrbach.de\/app\/uploads\/feuer.mp4\" type=\"video\/mp4\">\n          \n                    <source src=\"https:\/\/rahrbach.de\/app\/uploads\/feuer.webm\" type=\"video\/webm\">\n                <\/video>\n      \n  <div class=\"content-container\">\n        <h1 style=\"color: #ffffff;\">Firmly under control.<\/h1>\n        <a href=https:\/\/rahrbach.de\/en\/products\/heated-applications\/>\n      <h4 style=\"color: #ffffff;\">Heated applications<\/h4>\n    <\/a>\n        <h5 style=\"color: #ffffff;\"><\/h5>\n  <\/div>\n<\/div>\n  <\/div>\n\n\n\n<div class=\"wp-block-group categories-group\"><div class=\"wp-block-group__inner-container is-layout-flow wp-block-group-is-layout-flow\"><div class=\"primary-link-card-block\">\n  <a  href=https:\/\/rahrbach.de\/en\/products\/coldrooms\/ >\n          <img loading=\"lazy\" decoding=\"async\" width=\"416\" height=\"468\" src=\"https:\/\/rahrbach.de\/app\/uploads\/2021\/08\/kuehlzellen-background.png\" class=\"background\" alt=\"\" data-src=\"https:\/\/rahrbach.de\/app\/uploads\/2021\/08\/kuehlzellen-background.png\" srcset=\"https:\/\/rahrbach.de\/app\/uploads\/2021\/08\/kuehlzellen-background.png 416w, https:\/\/rahrbach.de\/app\/uploads\/2021\/08\/kuehlzellen-background-267x300.png 267w\" sizes=\"(max-width: 416px) 100vw, 416px\" \/>\n        <div class=\"content-container\">\n      <h2>Professional quality is the key.<\/h2>\n              <div class=\"link-container accessory-link-small\">\n          <h4>\n            Coldrooms\n          <\/h4>\n        <\/div>\n                  <div class=\"icon-container\">\n        <img loading=\"lazy\" decoding=\"async\" width=\"48\" height=\"48\" src=\"https:\/\/rahrbach.de\/app\/uploads\/2021\/08\/coldroom-icon.png\" class=\"icon\" alt=\"\" data-src=\"https:\/\/rahrbach.de\/app\/uploads\/2021\/08\/coldroom-icon.png\" srcset=\"\" \/>\n      <\/div>\n          <\/div>\n  <\/a>\n  <a class=\"image-container\"  href=https:\/\/rahrbach.de\/en\/products\/coldrooms\/ >\n          <img loading=\"lazy\" decoding=\"async\" width=\"236\" height=\"423\" src=\"https:\/\/rahrbach.de\/app\/uploads\/2021\/08\/coldroom.png\" class=\"image\" alt=\"\" data-src=\"https:\/\/rahrbach.de\/app\/uploads\/2021\/08\/coldroom.png\" srcset=\"https:\/\/rahrbach.de\/app\/uploads\/2021\/08\/coldroom.png 236w, https:\/\/rahrbach.de\/app\/uploads\/2021\/08\/coldroom-167x300.png 167w\" sizes=\"(max-width: 236px) 100vw, 236px\" \/>\n      <\/a>\n<\/div>\n\n\n<div class=\"primary-link-card-block\">\n  <a  href=https:\/\/rahrbach.de\/en\/products\/refrigerated-furnishings\/ >\n          <img loading=\"lazy\" decoding=\"async\" width=\"416\" height=\"468\" src=\"https:\/\/rahrbach.de\/app\/uploads\/2021\/08\/kuehlmoebel-background.png\" class=\"background\" alt=\"\" data-src=\"https:\/\/rahrbach.de\/app\/uploads\/2021\/08\/kuehlmoebel-background.png\" srcset=\"https:\/\/rahrbach.de\/app\/uploads\/2021\/08\/kuehlmoebel-background.png 416w, https:\/\/rahrbach.de\/app\/uploads\/2021\/08\/kuehlmoebel-background-267x300.png 267w\" sizes=\"(max-width: 416px) 100vw, 416px\" \/>\n        <div class=\"content-container\">\n      <h2>Don&#039;t leave comfort out.<\/h2>\n              <div class=\"link-container accessory-link-small\">\n          <h4>\n            Refrigerated Furnishings\n          <\/h4>\n        <\/div>\n                  <div class=\"icon-container\">\n        <img loading=\"lazy\" decoding=\"async\" width=\"48\" height=\"48\" src=\"https:\/\/rahrbach.de\/app\/uploads\/2021\/08\/refrigerator-icon.png\" class=\"icon\" alt=\"\" data-src=\"https:\/\/rahrbach.de\/app\/uploads\/2021\/08\/refrigerator-icon.png\" srcset=\"\" \/>\n      <\/div>\n          <\/div>\n  <\/a>\n  <a class=\"image-container\"  href=https:\/\/rahrbach.de\/en\/products\/refrigerated-furnishings\/ >\n          <img loading=\"lazy\" decoding=\"async\" width=\"236\" height=\"423\" src=\"https:\/\/rahrbach.de\/app\/uploads\/2022\/02\/220214_refri.png\" class=\"image\" alt=\"\" data-src=\"https:\/\/rahrbach.de\/app\/uploads\/2022\/02\/220214_refri.png\" srcset=\"https:\/\/rahrbach.de\/app\/uploads\/2022\/02\/220214_refri.png 236w, https:\/\/rahrbach.de\/app\/uploads\/2022\/02\/220214_refri-167x300.png 167w\" sizes=\"(max-width: 236px) 100vw, 236px\" \/>\n      <\/a>\n<\/div>\n\n\n<div class=\"primary-link-card-block\">\n  <a  href=https:\/\/rahrbach.de\/en\/products\/heated-applications\/ >\n          <img loading=\"lazy\" decoding=\"async\" width=\"312\" height=\"468\" src=\"https:\/\/rahrbach.de\/app\/uploads\/2021\/08\/hotequipment-background.png\" class=\"background\" alt=\"\" data-src=\"https:\/\/rahrbach.de\/app\/uploads\/2021\/08\/hotequipment-background.png\" srcset=\"https:\/\/rahrbach.de\/app\/uploads\/2021\/08\/hotequipment-background.png 312w, https:\/\/rahrbach.de\/app\/uploads\/2021\/08\/hotequipment-background-200x300.png 200w\" sizes=\"(max-width: 312px) 100vw, 312px\" \/>\n        <div class=\"content-container\">\n      <h2>Keeping a handle on things.<\/h2>\n              <div class=\"link-container accessory-link-small\">\n          <h4>\n            Heated applications\n          <\/h4>\n        <\/div>\n                  <div class=\"icon-container\">\n        <img loading=\"lazy\" decoding=\"async\" width=\"48\" height=\"48\" src=\"https:\/\/rahrbach.de\/app\/uploads\/2021\/08\/hotequipment-icon.png\" class=\"icon\" alt=\"\" data-src=\"https:\/\/rahrbach.de\/app\/uploads\/2021\/08\/hotequipment-icon.png\" srcset=\"\" \/>\n      <\/div>\n          <\/div>\n  <\/a>\n  <a class=\"image-container\"  href=https:\/\/rahrbach.de\/en\/products\/heated-applications\/ >\n          <img loading=\"lazy\" decoding=\"async\" width=\"500\" height=\"654\" src=\"https:\/\/rahrbach.de\/app\/uploads\/2021\/08\/hotequipment-e1628676339250.png\" class=\"image\" alt=\"\" data-src=\"https:\/\/rahrbach.de\/app\/uploads\/2021\/08\/hotequipment-e1628676339250.png\" srcset=\"https:\/\/rahrbach.de\/app\/uploads\/2021\/08\/hotequipment-e1628676339250.png 500w, https:\/\/rahrbach.de\/app\/uploads\/2021\/08\/hotequipment-e1628676339250-229x300.png 229w\" sizes=\"(max-width: 500px) 100vw, 500px\" \/>\n      <\/a>\n<\/div>\n<\/div><\/div>\n\n\n\n<div class=\"wp-block-group widgets-group\"><div class=\"wp-block-group__inner-container is-layout-flow wp-block-group-is-layout-flow\"><div class=\"large-link-card-block\">\n  <div class=\"shadow-card-md\">\n    <a  href=https:\/\/rahrbach.de\/en\/company\/ >\n              <img loading=\"lazy\" decoding=\"async\" width=\"969\" height=\"731\" src=\"https:\/\/rahrbach.de\/app\/uploads\/2021\/08\/company.png\" class=\"image\" alt=\"\" data-src=\"https:\/\/rahrbach.de\/app\/uploads\/2021\/08\/company.png\" srcset=\"https:\/\/rahrbach.de\/app\/uploads\/2021\/08\/company.png 969w, https:\/\/rahrbach.de\/app\/uploads\/2021\/08\/company-300x226.png 300w, https:\/\/rahrbach.de\/app\/uploads\/2021\/08\/company-768x579.png 768w\" sizes=\"(max-width: 969px) 100vw, 969px\" \/>\n            <div class=\"content-container\">\n        <h2>We get into locking things up.<\/h2>\n                <div class=\"link-container\">\n          <h4>\n          About Rahrbach\n          <\/h4>\n          <div class=\"accessory-icon-small\" ><\/div>\n        <\/div>\n              <\/div>\n    <\/a>\n  <\/div>\n<\/div>\n\n\n<div class=\"large-link-card-block\">\n  <div class=\"shadow-card-md\">\n    <a  href=https:\/\/rahrbach.de\/en\/development-2\/ >\n              <img loading=\"lazy\" decoding=\"async\" width=\"1024\" height=\"671\" src=\"https:\/\/rahrbach.de\/app\/uploads\/2021\/08\/technology-1024x671.png\" class=\"image\" alt=\"\" data-src=\"https:\/\/rahrbach.de\/app\/uploads\/2021\/08\/technology.png\" srcset=\"https:\/\/rahrbach.de\/app\/uploads\/2021\/08\/technology-1024x671.png 1024w, https:\/\/rahrbach.de\/app\/uploads\/2021\/08\/technology-300x197.png 300w, https:\/\/rahrbach.de\/app\/uploads\/2021\/08\/technology-768x503.png 768w, https:\/\/rahrbach.de\/app\/uploads\/2021\/08\/technology-1536x1007.png 1536w, https:\/\/rahrbach.de\/app\/uploads\/2021\/08\/technology-2048x1342.png 2048w\" sizes=\"(max-width: 1024px) 100vw, 1024px\" \/>\n            <div class=\"content-container\">\n        <h2>Standards are there to be exceeded.<\/h2>\n                <div class=\"link-container\">\n          <h4>\n          Technology and Development\n          <\/h4>\n          <div class=\"accessory-icon-small\" ><\/div>\n        <\/div>\n              <\/div>\n    <\/a>\n  <\/div>\n<\/div>\n<\/div><\/div>\n\n\n\n<div class=\"wp-block-group products-group\"><div class=\"wp-block-group__inner-container is-layout-flow wp-block-group-is-layout-flow\">\n<h2 class=\"wp-block-heading\">Download<\/h2>\n\n\n<div class=\"medium-link-card-block\">\n  <div class=\"shadow-card-md\">\n    <a  href=https:\/\/rahrbach.de\/en\/rb-kat-01-kr-3-0-en\/ >\n      <div class=\"content-container\" style=\"border-color: #003594;\">\n        <h3 style=\"color: #003594\">Coldrooms<\/h3>\n                  <p style=\"color: #003594\">\n          Catalog Download\n          <\/p>\n                <div class=\"accessory-icon-medium\" style=\"background-color: #003594;\"><\/div>\n      <\/div>\n      <div class=\"image-container\">\n              <img loading=\"lazy\" decoding=\"async\" width=\"872\" height=\"574\" src=\"https:\/\/rahrbach.de\/app\/uploads\/kuehlzellen.png\" class=\"attachment-large size-large\" alt=\"\" data-src=\"https:\/\/rahrbach.de\/app\/uploads\/kuehlzellen.png\" srcset=\"https:\/\/rahrbach.de\/app\/uploads\/kuehlzellen.png 872w, https:\/\/rahrbach.de\/app\/uploads\/kuehlzellen-300x197.png 300w, https:\/\/rahrbach.de\/app\/uploads\/kuehlzellen-768x506.png 768w\" sizes=\"(max-width: 872px) 100vw, 872px\" \/>\n            <\/div>\n    <\/a>\n  <\/div>\n<\/div>\n\n\n<div class=\"medium-link-card-block\">\n  <div class=\"shadow-card-md\">\n    <a  href=https:\/\/rahrbach.de\/en\/rb-kat-02-km-3-0-en\/ >\n      <div class=\"content-container\" style=\"border-color: #0095c8;\">\n        <h3 style=\"color: #0095c8\">Refrigerated Furnishings<\/h3>\n                  <p style=\"color: #0095c8\">\n          Catalog Download\n          <\/p>\n                <div class=\"accessory-icon-medium\" style=\"background-color: #0095c8;\"><\/div>\n      <\/div>\n      <div class=\"image-container\">\n              <img loading=\"lazy\" decoding=\"async\" width=\"870\" height=\"574\" src=\"https:\/\/rahrbach.de\/app\/uploads\/kuehlmoebel-1.png\" class=\"attachment-large size-large\" alt=\"\" data-src=\"https:\/\/rahrbach.de\/app\/uploads\/kuehlmoebel-1.png\" srcset=\"https:\/\/rahrbach.de\/app\/uploads\/kuehlmoebel-1.png 870w, https:\/\/rahrbach.de\/app\/uploads\/kuehlmoebel-1-300x198.png 300w, https:\/\/rahrbach.de\/app\/uploads\/kuehlmoebel-1-768x507.png 768w\" sizes=\"(max-width: 870px) 100vw, 870px\" \/>\n            <\/div>\n    <\/a>\n  <\/div>\n<\/div>\n\n\n<div class=\"medium-link-card-block\">\n  <div class=\"shadow-card-md\">\n    <a  href=https:\/\/rahrbach.de\/en\/rb-kat-03-hg-3-0-en\/ >\n      <div class=\"content-container\" style=\"border-color: #ef3340;\">\n        <h3 style=\"color: #ef3340\">Heated applications<\/h3>\n                  <p style=\"color: #ef3340\">\n          Catalog Download\n          <\/p>\n                <div class=\"accessory-icon-medium\" style=\"background-color: #ef3340;\"><\/div>\n      <\/div>\n      <div class=\"image-container\">\n              <img loading=\"lazy\" decoding=\"async\" width=\"874\" height=\"578\" src=\"https:\/\/rahrbach.de\/app\/uploads\/heissgeraete-2.png\" class=\"attachment-large size-large\" alt=\"\" data-src=\"https:\/\/rahrbach.de\/app\/uploads\/heissgeraete-2.png\" srcset=\"https:\/\/rahrbach.de\/app\/uploads\/heissgeraete-2.png 874w, https:\/\/rahrbach.de\/app\/uploads\/heissgeraete-2-300x198.png 300w, https:\/\/rahrbach.de\/app\/uploads\/heissgeraete-2-768x508.png 768w\" sizes=\"(max-width: 874px) 100vw, 874px\" \/>\n            <\/div>\n    <\/a>\n  <\/div>\n<\/div>\n<\/div><\/div>\n\n\n\n<!--nextpage-->\n\n\n\n<p><\/p>\n","protected":false},"excerpt":{"rendered":"<p>We get caught up in locking things up. And has been for almost a century. From 1925 onwards, we have developed into an international manufacturer of locking systems.<\/p>\n","protected":false},"author":1,"featured_media":0,"parent":0,"menu_order":0,"comment_status":"closed","ping_status":"open","template":"template-home.blade.php","meta":{"footnotes":""},"yoast_head":"<!-- This site is optimized with the Yoast SEO plugin v23.3 - https:\/\/yoast.com\/wordpress\/plugins\/seo\/ -->\n<title>Startseite - Rahrbach GmbH<\/title>\n<meta name=\"description\" content=\"We get caught up in locking things up. And has been for almost a century. From 1925 onwards, we have developed into an international manufacturer of locking systems.\" \/>\n<meta name=\"robots\" content=\"index, follow, max-snippet:-1, max-image-preview:large, max-video-preview:-1\" \/>\n<link rel=\"canonical\" href=\"https:\/\/rahrbach.de\/en\/\" \/>\n<link rel=\"next\" href=\"https:\/\/rahrbach.de\/en\/2\/\" \/>\n<meta property=\"og:locale\" content=\"en_US\" \/>\n<meta property=\"og:type\" content=\"article\" \/>\n<meta property=\"og:title\" content=\"Startseite - Rahrbach GmbH\" \/>\n<meta property=\"og:description\" content=\"We get caught up in locking things up. And has been for almost a century. From 1925 onwards, we have developed into an international manufacturer of locking systems.\" \/>\n<meta property=\"og:url\" content=\"https:\/\/rahrbach.de\/en\/\" \/>\n<meta property=\"og:site_name\" content=\"Rahrbach GmbH\" \/>\n<meta property=\"article:modified_time\" content=\"2022-05-10T14:12:15+00:00\" \/>\n<meta name=\"twitter:card\" content=\"summary_large_image\" \/>\n<meta name=\"twitter:label1\" content=\"Est. reading time\" \/>\n\t<meta name=\"twitter:data1\" content=\"1 minute\" \/>\n<script type=\"application\/ld+json\" class=\"yoast-schema-graph\">{\"@context\":\"https:\/\/schema.org\",\"@graph\":[{\"@type\":\"WebPage\",\"@id\":\"https:\/\/rahrbach.de\/en\/\",\"url\":\"https:\/\/rahrbach.de\/en\/\",\"name\":\"Startseite - Rahrbach GmbH\",\"isPartOf\":{\"@id\":\"https:\/\/rahrbach.de\/en\/#website\"},\"datePublished\":\"2021-06-30T10:52:38+00:00\",\"dateModified\":\"2022-05-10T14:12:15+00:00\",\"description\":\"We get caught up in locking things up. And has been for almost a century. From 1925 onwards, we have developed into an international manufacturer of locking systems.\",\"inLanguage\":\"en-US\",\"potentialAction\":[{\"@type\":\"ReadAction\",\"target\":[\"https:\/\/rahrbach.de\/en\/\"]}]},{\"@type\":\"WebSite\",\"@id\":\"https:\/\/rahrbach.de\/en\/#website\",\"url\":\"https:\/\/rahrbach.de\/en\/\",\"name\":\"Rahrbach GmbH\",\"description\":\"Verschlusstechnik f\u00fcr K\u00fchlzellen, K\u00fchlm\u00f6bel und Hei\u00dfger\u00e4te\",\"publisher\":{\"@id\":\"https:\/\/rahrbach.de\/en\/#organization\"},\"potentialAction\":[{\"@type\":\"SearchAction\",\"target\":{\"@type\":\"EntryPoint\",\"urlTemplate\":\"https:\/\/rahrbach.de\/en\/?s={search_term_string}\"},\"query-input\":\"required name=search_term_string\"}],\"inLanguage\":\"en-US\"},{\"@type\":\"Organization\",\"@id\":\"https:\/\/rahrbach.de\/en\/#organization\",\"name\":\"Rahrbach GmbH\",\"url\":\"https:\/\/rahrbach.de\/en\/\",\"logo\":{\"@type\":\"ImageObject\",\"inLanguage\":\"en-US\",\"@id\":\"https:\/\/rahrbach.de\/en\/#\/schema\/logo\/image\/\",\"url\":\"https:\/\/rahrbach.de\/app\/uploads\/2021\/08\/logo-1.png\",\"contentUrl\":\"https:\/\/rahrbach.de\/app\/uploads\/2021\/08\/logo-1.png\",\"width\":444,\"height\":164,\"caption\":\"Rahrbach GmbH\"},\"image\":{\"@id\":\"https:\/\/rahrbach.de\/en\/#\/schema\/logo\/image\/\"}}]}<\/script>\n<!-- \/ Yoast SEO plugin. -->","yoast_head_json":{"title":"Startseite - Rahrbach GmbH","description":"We get caught up in locking things up. And has been for almost a century. From 1925 onwards, we have developed into an international manufacturer of locking systems.","robots":{"index":"index","follow":"follow","max-snippet":"max-snippet:-1","max-image-preview":"max-image-preview:large","max-video-preview":"max-video-preview:-1"},"canonical":"https:\/\/rahrbach.de\/en\/","next":"https:\/\/rahrbach.de\/en\/2\/","og_locale":"en_US","og_type":"article","og_title":"Startseite - Rahrbach GmbH","og_description":"We get caught up in locking things up. And has been for almost a century. From 1925 onwards, we have developed into an international manufacturer of locking systems.","og_url":"https:\/\/rahrbach.de\/en\/","og_site_name":"Rahrbach GmbH","article_modified_time":"2022-05-10T14:12:15+00:00","twitter_card":"summary_large_image","twitter_misc":{"Est. reading time":"1 minute"},"schema":{"@context":"https:\/\/schema.org","@graph":[{"@type":"WebPage","@id":"https:\/\/rahrbach.de\/en\/","url":"https:\/\/rahrbach.de\/en\/","name":"Startseite - Rahrbach GmbH","isPartOf":{"@id":"https:\/\/rahrbach.de\/en\/#website"},"datePublished":"2021-06-30T10:52:38+00:00","dateModified":"2022-05-10T14:12:15+00:00","description":"We get caught up in locking things up. And has been for almost a century. From 1925 onwards, we have developed into an international manufacturer of locking systems.","inLanguage":"en-US","potentialAction":[{"@type":"ReadAction","target":["https:\/\/rahrbach.de\/en\/"]}]},{"@type":"WebSite","@id":"https:\/\/rahrbach.de\/en\/#website","url":"https:\/\/rahrbach.de\/en\/","name":"Rahrbach GmbH","description":"Verschlusstechnik f\u00fcr K\u00fchlzellen, K\u00fchlm\u00f6bel und Hei\u00dfger\u00e4te","publisher":{"@id":"https:\/\/rahrbach.de\/en\/#organization"},"potentialAction":[{"@type":"SearchAction","target":{"@type":"EntryPoint","urlTemplate":"https:\/\/rahrbach.de\/en\/?s={search_term_string}"},"query-input":"required name=search_term_string"}],"inLanguage":"en-US"},{"@type":"Organization","@id":"https:\/\/rahrbach.de\/en\/#organization","name":"Rahrbach GmbH","url":"https:\/\/rahrbach.de\/en\/","logo":{"@type":"ImageObject","inLanguage":"en-US","@id":"https:\/\/rahrbach.de\/en\/#\/schema\/logo\/image\/","url":"https:\/\/rahrbach.de\/app\/uploads\/2021\/08\/logo-1.png","contentUrl":"https:\/\/rahrbach.de\/app\/uploads\/2021\/08\/logo-1.png","width":444,"height":164,"caption":"Rahrbach GmbH"},"image":{"@id":"https:\/\/rahrbach.de\/en\/#\/schema\/logo\/image\/"}}]}},"_links":{"self":[{"href":"https:\/\/rahrbach.de\/en\/wp-json\/wp\/v2\/pages\/362"}],"collection":[{"href":"https:\/\/rahrbach.de\/en\/wp-json\/wp\/v2\/pages"}],"about":[{"href":"https:\/\/rahrbach.de\/en\/wp-json\/wp\/v2\/types\/page"}],"author":[{"embeddable":true,"href":"https:\/\/rahrbach.de\/en\/wp-json\/wp\/v2\/users\/1"}],"replies":[{"embeddable":true,"href":"https:\/\/rahrbach.de\/en\/wp-json\/wp\/v2\/comments?post=362"}],"version-history":[{"count":69,"href":"https:\/\/rahrbach.de\/en\/wp-json\/wp\/v2\/pages\/362\/revisions"}],"predecessor-version":[{"id":4030,"href":"https:\/\/rahrbach.de\/en\/wp-json\/wp\/v2\/pages\/362\/revisions\/4030"}],"wp:attachment":[{"href":"https:\/\/rahrbach.de\/en\/wp-json\/wp\/v2\/media?parent=362"}],"curies":[{"name":"wp","href":"https:\/\/api.w.org\/{rel}","templated":true}]}}